{"id":14896,"date":"2025-05-26T16:00:46","date_gmt":"2025-05-26T16:00:46","guid":{"rendered":"https:\/\/farosurfrentals.com\/elementor-14887\/"},"modified":"2025-05-27T16:34:51","modified_gmt":"2025-05-27T16:34:51","slug":"elementor-14887","status":"publish","type":"page","link":"https:\/\/farosurfrentals.com\/pt-pt\/elementor-14887\/","title":{"rendered":"Aluguer de tendas de campismo para eventos e festivais"},"content":{"rendered":"\t\t<div data-elementor-type=\"wp-page\" data-elementor-id=\"14896\" class=\"elementor elementor-14896 elementor-14887\" data-elementor-post-type=\"page\">\n\t\t\t\t\t\t<section class=\"elementor-section elementor-top-section elementor-element elementor-element-7ae55694 elementor-section-height-min-height elementor-section-boxed elementor-section-height-default elementor-section-items-middle\" data-id=\"7ae55694\" data-element_type=\"section\" data-e-type=\"section\" data-settings=\"{&quot;background_background&quot;:&quot;slideshow&quot;,&quot;background_slideshow_gallery&quot;:[{&quot;id&quot;:14880,&quot;url&quot;:&quot;https:\\\/\\\/farosurfrentals.com\\\/wp-content\\\/uploads\\\/2025\\\/05\\\/tent-in-bulk.jpg&quot;}],&quot;background_slideshow_slide_duration&quot;:5000,&quot;background_slideshow_slide_transition&quot;:&quot;fade&quot;,&quot;background_slideshow_transition_duration&quot;:500}\">\n\t\t\t\t\t\t\t<div class=\"elementor-background-overlay\"><\/div>\n\t\t\t\t\t\t\t<div class=\"elementor-container elementor-column-gap-extended\">\n\t\t\t\t\t<div class=\"elementor-column elementor-col-100 elementor-top-column elementor-element elementor-element-768d1d45 elementor-invisible\" data-id=\"768d1d45\" data-element_type=\"column\" data-e-type=\"column\" data-settings=\"{&quot;animation&quot;:&quot;fadeIn&quot;,&quot;animation_tablet&quot;:&quot;fadeIn&quot;,&quot;animation_mobile&quot;:&quot;fadeIn&quot;}\">\n\t\t\t<div class=\"elementor-widget-wrap elementor-element-populated\">\n\t\t\t\t\t\t<div class=\"elementor-element elementor-element-4db5b321 elementor-widget elementor-widget-heading\" data-id=\"4db5b321\" data-element_type=\"widget\" data-e-type=\"widget\" data-widget_type=\"heading.default\">\n\t\t\t\t<div class=\"elementor-widget-container\">\n\t\t\t\t\t<h1 class=\"elementor-heading-title elementor-size-small\">Aluguer de tendas de campismo para festivais e eventos a granel<\/h1>\t\t\t\t<\/div>\n\t\t\t\t<\/div>\n\t\t\t\t<div class=\"elementor-element elementor-element-6f590a1f elementor-widget elementor-widget-heading\" data-id=\"6f590a1f\" data-element_type=\"widget\" data-e-type=\"widget\" data-widget_type=\"heading.default\">\n\t\t\t\t<div class=\"elementor-widget-container\">\n\t\t\t\t\t<h2 class=\"elementor-heading-title elementor-size-default\">Aluga tendas de campismo para festivais, eventos e viagens de grupo.<\/h2>\t\t\t\t<\/div>\n\t\t\t\t<\/div>\n\t\t\t\t\t<\/div>\n\t\t<\/div>\n\t\t\t\t\t<\/div>\n\t\t<\/section>\n\t\t\t\t<section class=\"elementor-section elementor-top-section elementor-element elementor-element-908dcb9 elementor-section-boxed elementor-section-height-default elementor-section-height-default\" data-id=\"908dcb9\" data-element_type=\"section\" data-e-type=\"section\">\n\t\t\t\t\t\t<div class=\"elementor-container elementor-column-gap-default\">\n\t\t\t\t\t<div class=\"elementor-column elementor-col-100 elementor-top-column elementor-element elementor-element-a457ab4\" data-id=\"a457ab4\" data-element_type=\"column\" data-e-type=\"column\">\n\t\t\t<div class=\"elementor-widget-wrap elementor-element-populated\">\n\t\t\t\t\t\t<div class=\"elementor-element elementor-element-643b14d elementor-widget elementor-widget-text-editor\" data-id=\"643b14d\" data-element_type=\"widget\" data-e-type=\"widget\" data-widget_type=\"text-editor.default\">\n\t\t\t\t<div class=\"elementor-widget-container\">\n\t\t\t\t\t\t\t\t\t<p><strong>Est\u00e1s a planear um grande evento ao ar livre em Portugal?<\/strong>  N\u00f3s cobrimos-te &#8211; literalmente.<\/p><p>Fornecemos <strong>tendas de alta qualidade<\/strong> e<strong> aluguer de equipamento de campismo<\/strong> concebido para grandes grupos. Assegura que os teus convidados relaxam com conforto e se concentram inteiramente na experi\u00eancia. <\/p><h2 data-sourcepos=\"9:1-9:18\">O que oferecemos:<\/h2><ul data-sourcepos=\"11:1-16:0\"><li data-sourcepos=\"11:1-11:68\"><strong>Aluguer de tendas de campismo:<\/strong> tendas para 2-3 pessoas.<\/li><li data-sourcepos=\"12:1-12:110\"><strong>Artigos essenciais de campismo pr\u00e9-embalados<\/strong>, incluindo tendas, sacos-cama, tapetes confort\u00e1veis e almofadas.<\/li><li data-sourcepos=\"13:1-13:91\"><strong>Pacotes de aluguer flex\u00edveis:<\/strong> Op\u00e7\u00f5es de fim de semana ou de v\u00e1rios dias para se adaptarem \u00e0 dura\u00e7\u00e3o do teu evento.<\/li><li data-sourcepos=\"14:1-14:102\"><strong>Log\u00edstica sem complica\u00e7\u00f5es:<\/strong> A limpeza est\u00e1 inclu\u00edda, cobrindo o p\u00f3, a sujidade e todas as utiliza\u00e7\u00f5es t\u00edpicas do festival.<\/li><li data-sourcepos=\"14:1-14:102\">Entrega e recolha dispon\u00edveis consoante a localiza\u00e7\u00e3o.<\/li><\/ul><h2 data-sourcepos=\"17:1-17:16\">Ideal para:<\/h2><ul data-sourcepos=\"19:1-26:0\"><li data-sourcepos=\"19:1-19:41\"><strong>  Festivais de M\u00fasica e Artes em Portugal<\/strong><\/li><li data-sourcepos=\"20:1-20:40\"><strong>Retiros corporativos e off-sites<\/strong><\/li><li data-sourcepos=\"21:1-21:38\"><strong>Viagens de estudo e acampamentos escolares<\/strong><\/li><li data-sourcepos=\"23:1-23:37\"><strong>Alojamento para torneios desportivos<\/strong><\/li><li data-sourcepos=\"24:1-24:25\"><strong>Acampamentos de equipas de filmagem<\/strong><\/li><li data-sourcepos=\"24:1-24:25\">Alojamento da equipa do evento<\/li><\/ul><h2 data-sourcepos=\"17:1-17:16\">Equipamento adicional<\/h2><ul data-sourcepos=\"19:1-26:0\"><li data-sourcepos=\"19:1-19:41\"><a href=\"https:\/\/oceancamper.com\/rent-a-tent\/\"><strong>Conjunto de cozinha para campismo<\/strong><\/a><\/li><li data-sourcepos=\"20:1-20:40\"><a href=\"https:\/\/farosurfrentals.com\/pt-pt\/stand-up-paddel\/\"><strong>Pranchas de stand-up paddle<\/strong><\/a><\/li><li data-sourcepos=\"21:1-21:38\"><a href=\"https:\/\/farosurfrentals.com\/pt-pt\/prancha-de-surf-80\/\"><strong>Pranchas de surf<\/strong><\/a><\/li><li data-sourcepos=\"23:1-23:37\"><a href=\"https:\/\/farosurfrentals.com\/pt-pt\/fatos-de-mergulho\/\"><strong style=\"background-color: transparent;\">Fatos de mergulho<\/strong><\/a><\/li><li data-sourcepos=\"23:1-23:37\"><a href=\"https:\/\/farosurfrentals.com\/pt-pt\/conjunto-snorkling\/\"><span style=\"background-color: transparent;\"><b>Equipamento de mergulho<\/b><\/span><\/a><\/li><li data-sourcepos=\"23:1-23:37\"><strong>Mais equipamento a pedido<\/strong><\/li><\/ul><h2 data-sourcepos=\"27:1-27:45\">Porqu\u00ea escolher o nosso servi\u00e7o de aluguer de tendas para eventos?<\/h2><p data-sourcepos=\"29:1-29:228\">Eliminamos o stress da log\u00edstica exterior. Com tendas fi\u00e1veis e material de dormir de qualidade, servi\u00e7o escal\u00e1vel e apoio pr\u00e1tico, garantimos uma instala\u00e7\u00e3o de campismo perfeita que proporciona um local confort\u00e1vel para descansar e que se adapta perfeitamente \u00e0 dimens\u00e3o e ao ambiente do teu evento.  Contacta-nos j\u00e1 por e-mail<a href=\"mailto:info@farosurfrentals.com\">(info@farosurfrentals.com)<\/a> ou por telefone (+351 920301044).<\/p><p data-sourcepos=\"31:1-31:38\">Vamos construir o teu acampamento base ideal para eventos.<\/p><hr data-sourcepos=\"33:1-33:3\">\t\t\t\t\t\t\t\t<\/div>\n\t\t\t\t<\/div>\n\t\t\t\t\t<\/div>\n\t\t<\/div>\n\t\t\t\t\t<\/div>\n\t\t<\/section>\n\t\t\t\t<\/div>\n\t\t","protected":false},"excerpt":{"rendered":"<p>Aluguer de tendas de campismo para festivais e eventos a granel Aluga tendas de campismo para festivais, eventos e viagens de grupo. Est\u00e1s a planear um grande evento ao ar livre em Portugal? N\u00f3s cobrimos-te &#8211; literalmente. Fornecemos tendas de alta qualidade e aluguer de equipamento de campismo concebido para grandes grupos. Assegura que os [&hellip;]<\/p>\n","protected":false},"author":2,"featured_media":14883,"parent":0,"menu_order":0,"comment_status":"closed","ping_status":"closed","template":"","meta":{"footnotes":""},"class_list":["post-14896","page","type-page","status-publish","has-post-thumbnail","hentry"],"aioseo_notices":[],"_links":{"self":[{"href":"https:\/\/farosurfrentals.com\/pt-pt\/wp-json\/wp\/v2\/pages\/14896","targetHints":{"allow":["GET"]}}],"collection":[{"href":"https:\/\/farosurfrentals.com\/pt-pt\/wp-json\/wp\/v2\/pages"}],"about":[{"href":"https:\/\/farosurfrentals.com\/pt-pt\/wp-json\/wp\/v2\/types\/page"}],"author":[{"embeddable":true,"href":"https:\/\/farosurfrentals.com\/pt-pt\/wp-json\/wp\/v2\/users\/2"}],"replies":[{"embeddable":true,"href":"https:\/\/farosurfrentals.com\/pt-pt\/wp-json\/wp\/v2\/comments?post=14896"}],"version-history":[{"count":13,"href":"https:\/\/farosurfrentals.com\/pt-pt\/wp-json\/wp\/v2\/pages\/14896\/revisions"}],"predecessor-version":[{"id":14990,"href":"https:\/\/farosurfrentals.com\/pt-pt\/wp-json\/wp\/v2\/pages\/14896\/revisions\/14990"}],"wp:featuredmedia":[{"embeddable":true,"href":"https:\/\/farosurfrentals.com\/pt-pt\/wp-json\/wp\/v2\/media\/14883"}],"wp:attachment":[{"href":"https:\/\/farosurfrentals.com\/pt-pt\/wp-json\/wp\/v2\/media?parent=14896"}],"curies":[{"name":"wp","href":"https:\/\/api.w.org\/{rel}","templated":true}]}}