{"id":14519,"date":"2021-03-14T08:02:03","date_gmt":"2021-03-14T08:02:03","guid":{"rendered":"https:\/\/farosurfrentals.com\/?page_id=14519"},"modified":"2023-02-27T10:53:36","modified_gmt":"2023-02-27T10:53:36","slug":"termos","status":"publish","type":"page","link":"https:\/\/farosurfrentals.com\/pt-pt\/termos\/","title":{"rendered":"Termos"},"content":{"rendered":"\t\t<div data-elementor-type=\"wp-page\" data-elementor-id=\"14519\" class=\"elementor elementor-14519 elementor-757\" data-elementor-post-type=\"page\">\n\t\t\t\t\t\t<section class=\"elementor-section elementor-top-section elementor-element elementor-element-348c9c2 elementor-section-boxed elementor-section-height-default elementor-section-height-default\" data-id=\"348c9c2\" data-element_type=\"section\" data-e-type=\"section\">\n\t\t\t\t\t\t<div class=\"elementor-container elementor-column-gap-default\">\n\t\t\t\t\t<div class=\"elementor-column elementor-col-100 elementor-top-column elementor-element elementor-element-243daaa\" data-id=\"243daaa\" data-element_type=\"column\" data-e-type=\"column\">\n\t\t\t<div class=\"elementor-widget-wrap elementor-element-populated\">\n\t\t\t\t\t\t<div class=\"elementor-element elementor-element-8bb3515 elementor-widget elementor-widget-text-editor\" data-id=\"8bb3515\" data-element_type=\"widget\" data-e-type=\"widget\" data-widget_type=\"text-editor.default\">\n\t\t\t\t<div class=\"elementor-widget-container\">\n\t\t\t\t\t\t\t\t\t<h1>Termos e Condi\u00e7\u00f5es<\/h1>\t\t\t\t\t\t\t\t<\/div>\n\t\t\t\t<\/div>\n\t\t\t\t\t<\/div>\n\t\t<\/div>\n\t\t\t\t\t<\/div>\n\t\t<\/section>\n\t\t\t\t<section class=\"elementor-section elementor-top-section elementor-element elementor-element-ac2a465 elementor-section-boxed elementor-section-height-default elementor-section-height-default\" data-id=\"ac2a465\" data-element_type=\"section\" data-e-type=\"section\">\n\t\t\t\t\t\t<div class=\"elementor-container elementor-column-gap-default\">\n\t\t\t\t\t<div class=\"elementor-column elementor-col-100 elementor-top-column elementor-element elementor-element-f242135\" data-id=\"f242135\" data-element_type=\"column\" data-e-type=\"column\">\n\t\t\t<div class=\"elementor-widget-wrap elementor-element-populated\">\n\t\t\t\t\t\t<div class=\"elementor-element elementor-element-a6dd338 elementor-widget elementor-widget-text-editor\" data-id=\"a6dd338\" data-element_type=\"widget\" data-e-type=\"widget\" data-widget_type=\"text-editor.default\">\n\t\t\t\t<div class=\"elementor-widget-container\">\n\t\t\t\t\t\t\t\t\t<p><strong>Defini\u00e7\u00f5es dos Termos e Condi\u00e7\u00f5es<\/strong><\/p><ul><li>A pessoa que aluga o equipamento \u00e9 designada como \u201cVoc\u00ea\u201d.<\/li><li>A FaroSurfRentals \u00e9 uma marca pertencente \u00e0 NomadCanguru, lda, que se dedica ao aluguer de autocaravanas, tendas, equipamento de campismo, desporto e lazer, com o NIF PT514806451, adiante tamb\u00e9m designado por \u201cN\u00f3s\u201d ou \u201cN\u00f3s\u201d.<\/li><\/ul><p>\u00a0<\/p><p><strong>Reserva <\/strong><\/p><ol><li>Dever\u00e1 fornecer os contactos corretos (email e telefone)<\/li><li>Podemos contactar o locat\u00e1rio (telefone\/email) para confirma\u00e7\u00e3o da reserva. Caso n\u00e3o confirme a reserva, n\u00e3o garantimos a disponibilidade do equipamento.<\/li><\/ol><p>\u00a0<\/p><p><strong>Pick-up\/Drop-off<\/strong><\/p><ol><li>Dever\u00e1 levantar e entregar o equipamento durante o hor\u00e1rio de funcionamento: De 2\u00aa a 6\u00aa feira, das 9h00 \u00e0s 17h00.<\/li><li>O embarque e desembarque fora do hor\u00e1rio normal ou fins de semana pode ser poss\u00edvel mediante solicita\u00e7\u00e3o. Por favor, escreva-nos.<\/li><li>Para reservas com retirada no mesmo dia ou com menos de 24h de anteced\u00eancia, entre em contato via WhatsApp para confirma\u00e7\u00e3o de disponibilidade.<\/li><\/ol><p>\u00a0<\/p><p><strong>Pagamento<\/strong><\/p><ol><li>Voc\u00ea deve pagar o valor total da reserva durante a retirada.<\/li><li>As faixas de cau\u00e7\u00e3o.<\/li><li>Existe uma cau\u00e7\u00e3o entre 10-200\u20ac, dependendo do equipamento alugado.<\/li><li>Voc\u00ea pode fazer o dep\u00f3sito via cart\u00e3o de cr\u00e9dito ou em dinheiro.<\/li><li>Devolvemos o dep\u00f3sito cau\u00e7\u00e3o no ato do check-out caso n\u00e3o haja danos ou extravios.<\/li><li>Caso queira devolver o equipamento antes da data de check-out, n\u00e3o reembolsaremos os dias faltantes.<\/li><\/ol><p>\u00a0<\/p><p><strong>Equipamentos <\/strong><\/p><ol><li>Voc\u00ea deve notificar quaisquer defeitos n\u00e3o detectados por n\u00f3s durante o check-in. Se n\u00e3o nos notificou durante o check-in ou logo ap\u00f3s, considera-se que recebeu o equipamento em perfeito estado de funcionamento.<\/li><li>Deve devolver o equipamento limpo e em condi\u00e7\u00f5es semelhantes \u00e0s que o recebeu. Rasgos e desgastes normais ser\u00e3o aceitos.<\/li><\/ol><p>\u00a0<\/p><ol><li style=\"list-style-type: none;\">\u00a0<\/li><\/ol><div>\u00a0<\/div>\t\t\t\t\t\t\t\t<\/div>\n\t\t\t\t<\/div>\n\t\t\t\t\t<\/div>\n\t\t<\/div>\n\t\t\t\t\t<\/div>\n\t\t<\/section>\n\t\t\t\t<section class=\"elementor-section elementor-top-section elementor-element elementor-element-1818b8e elementor-section-boxed elementor-section-height-default elementor-section-height-default\" data-id=\"1818b8e\" data-element_type=\"section\" data-e-type=\"section\">\n\t\t\t\t\t\t<div class=\"elementor-container elementor-column-gap-default\">\n\t\t\t\t\t<div class=\"elementor-column elementor-col-100 elementor-top-column elementor-element elementor-element-5036ac4\" data-id=\"5036ac4\" data-element_type=\"column\" data-e-type=\"column\">\n\t\t\t<div class=\"elementor-widget-wrap\">\n\t\t\t\t\t\t\t<\/div>\n\t\t<\/div>\n\t\t\t\t\t<\/div>\n\t\t<\/section>\n\t\t\t\t<\/div>\n\t\t","protected":false},"excerpt":{"rendered":"<p>Termos e Condi\u00e7\u00f5es Defini\u00e7\u00f5es dos Termos e Condi\u00e7\u00f5es A pessoa que aluga o equipamento \u00e9 designada como \u201cVoc\u00ea\u201d. A FaroSurfRentals \u00e9 uma marca pertencente \u00e0 NomadCanguru, lda, que se dedica ao aluguer de autocaravanas, tendas, equipamento de campismo, desporto e lazer, com o NIF PT514806451, adiante tamb\u00e9m designado por \u201cN\u00f3s\u201d ou \u201cN\u00f3s\u201d. \u00a0 Reserva Dever\u00e1 [&hellip;]<\/p>\n","protected":false},"author":3,"featured_media":818,"parent":0,"menu_order":0,"comment_status":"closed","ping_status":"closed","template":"","meta":{"footnotes":""},"class_list":["post-14519","page","type-page","status-publish","has-post-thumbnail","hentry"],"aioseo_notices":[],"_links":{"self":[{"href":"https:\/\/farosurfrentals.com\/pt-pt\/wp-json\/wp\/v2\/pages\/14519","targetHints":{"allow":["GET"]}}],"collection":[{"href":"https:\/\/farosurfrentals.com\/pt-pt\/wp-json\/wp\/v2\/pages"}],"about":[{"href":"https:\/\/farosurfrentals.com\/pt-pt\/wp-json\/wp\/v2\/types\/page"}],"author":[{"embeddable":true,"href":"https:\/\/farosurfrentals.com\/pt-pt\/wp-json\/wp\/v2\/users\/3"}],"replies":[{"embeddable":true,"href":"https:\/\/farosurfrentals.com\/pt-pt\/wp-json\/wp\/v2\/comments?post=14519"}],"version-history":[{"count":5,"href":"https:\/\/farosurfrentals.com\/pt-pt\/wp-json\/wp\/v2\/pages\/14519\/revisions"}],"predecessor-version":[{"id":14524,"href":"https:\/\/farosurfrentals.com\/pt-pt\/wp-json\/wp\/v2\/pages\/14519\/revisions\/14524"}],"wp:featuredmedia":[{"embeddable":true,"href":"https:\/\/farosurfrentals.com\/pt-pt\/wp-json\/wp\/v2\/media\/818"}],"wp:attachment":[{"href":"https:\/\/farosurfrentals.com\/pt-pt\/wp-json\/wp\/v2\/media?parent=14519"}],"curies":[{"name":"wp","href":"https:\/\/api.w.org\/{rel}","templated":true}]}}