{"id":14488,"date":"2021-03-09T14:51:27","date_gmt":"2021-03-09T14:51:27","guid":{"rendered":"https:\/\/farosurfrentals.com\/ordens-utilizador\/"},"modified":"2023-02-27T10:40:48","modified_gmt":"2023-02-27T10:40:48","slug":"ordens-utilizador","status":"publish","type":"page","link":"https:\/\/farosurfrentals.com\/pt-pt\/ordens-utilizador\/","title":{"rendered":"Ordens utilizador"},"content":{"rendered":"\n<div class=\"wrap plugin-container\">\n\n\t\n\t\n\t\r\n<form action=\"https:\/\/farosurfrentals.com\/pt-pt\/ordens-utilizador\/\" method=\"post\">\r\n\t<div class=\"vri-searchorderdiv\">\r\n\t\t<div class=\"vri-searchorderinner\">\r\n\t\t\t<span class=\"vri-searchordertitle\">Buscar reservas<\/span>\r\n\t\t<\/div>\r\n\t\t<div class=\"vri-searchorder-enterpin\">\r\n\t\t\t<span>N\u00famero de confirma\u00e7\u00e3o ou c\u00f3digo PIN<\/span>\r\n\t\t\t<input type=\"text\" name=\"confirmnumber\" value=\"\" size=\"12\"\/> <input type=\"submit\" class=\"btn vri-searchordersubmit\" name=\"vri-searchorder\" value=\"Pesquisar\"\/>\r\n\t\t<\/div>\r\n\t<\/div>\r\n<\/form>\r\n\r\n\n<\/div>\n\n","protected":false},"excerpt":{"rendered":"","protected":false},"author":3,"featured_media":0,"parent":0,"menu_order":0,"comment_status":"closed","ping_status":"closed","template":"","meta":{"footnotes":""},"class_list":["post-14488","page","type-page","status-publish","hentry"],"aioseo_notices":[],"_links":{"self":[{"href":"https:\/\/farosurfrentals.com\/pt-pt\/wp-json\/wp\/v2\/pages\/14488","targetHints":{"allow":["GET"]}}],"collection":[{"href":"https:\/\/farosurfrentals.com\/pt-pt\/wp-json\/wp\/v2\/pages"}],"about":[{"href":"https:\/\/farosurfrentals.com\/pt-pt\/wp-json\/wp\/v2\/types\/page"}],"author":[{"embeddable":true,"href":"https:\/\/farosurfrentals.com\/pt-pt\/wp-json\/wp\/v2\/users\/3"}],"replies":[{"embeddable":true,"href":"https:\/\/farosurfrentals.com\/pt-pt\/wp-json\/wp\/v2\/comments?post=14488"}],"version-history":[{"count":1,"href":"https:\/\/farosurfrentals.com\/pt-pt\/wp-json\/wp\/v2\/pages\/14488\/revisions"}],"predecessor-version":[{"id":14507,"href":"https:\/\/farosurfrentals.com\/pt-pt\/wp-json\/wp\/v2\/pages\/14488\/revisions\/14507"}],"wp:attachment":[{"href":"https:\/\/farosurfrentals.com\/pt-pt\/wp-json\/wp\/v2\/media?parent=14488"}],"curies":[{"name":"wp","href":"https:\/\/api.w.org\/{rel}","templated":true}]}}