{"id":15038,"date":"2025-07-01T09:12:35","date_gmt":"2025-07-01T09:12:35","guid":{"rendered":"https:\/\/farosurfrentals.com\/location-de-tentes\/"},"modified":"2025-07-01T09:12:35","modified_gmt":"2025-07-01T09:12:35","slug":"location-de-tentes","status":"publish","type":"page","link":"https:\/\/farosurfrentals.com\/fr\/location-de-tentes\/","title":{"rendered":"Location de tentes"},"content":{"rendered":"\n<div class=\"wrap plugin-container\">\n\n\t\n\t\n\t<div class=\"vri-page-content\">\n<h3 class=\"vri-page-head-title\">Faro Surf Rentals<\/h3>\t<div class=\"vri-itemdet-groupblocks\">\n\t\t<div class=\"vri-itemdet-groupleft\">\n\t\t\t<div class=\"vri-itemdet-imagesblock\">\n\t\t\t\t<div class=\"vri-itemdet-mainimage\">\n\t\t\t\t\t<img decoding=\"async\" src=\"https:\/\/farosurfrentals.com\/wp-content\/plugins\/vikrentitems\/admin\/resources\/r_whatsapp_image_2021-02-09_at_22.04.55.jpeg\" alt=\"Tente et \u00e9quipement de camping\"\/>\n\t\t\t\t<\/div>\n\t\t\t\t\t<div class=\"vri-itemdet-extraimages\">\n\t\t\t\t\t\t<a href=\"https:\/\/farosurfrentals.com\/wp-content\/plugins\/vikrentitems\/admin\/resources\/big_tent2.jpeg\" rel=\"vrigroup13\" target=\"_blank\" class=\"vrimodal\" data-fancybox=\"gallery\"><img decoding=\"async\" src=\"https:\/\/farosurfrentals.com\/wp-content\/plugins\/vikrentitems\/admin\/resources\/thumb_tent2.jpeg\" alt=\"tent2.\"\/><\/a>\n\t\t\t\t\t\t\t\t<a href=\"https:\/\/farosurfrentals.com\/wp-content\/plugins\/vikrentitems\/admin\/resources\/big_tent6.jpeg\" rel=\"vrigroup13\" target=\"_blank\" class=\"vrimodal\" data-fancybox=\"gallery\"><img decoding=\"async\" src=\"https:\/\/farosurfrentals.com\/wp-content\/plugins\/vikrentitems\/admin\/resources\/thumb_tent6.jpeg\" alt=\"tent6.\"\/><\/a>\n\t\t\t\t\t\t\t\t<a href=\"https:\/\/farosurfrentals.com\/wp-content\/plugins\/vikrentitems\/admin\/resources\/big_tent7.jpeg\" rel=\"vrigroup13\" target=\"_blank\" class=\"vrimodal\" data-fancybox=\"gallery\"><img decoding=\"async\" src=\"https:\/\/farosurfrentals.com\/wp-content\/plugins\/vikrentitems\/admin\/resources\/thumb_tent7.jpeg\" alt=\"tent7.\"\/><\/a>\n\t\t\t\t\t\t\t\t<a href=\"https:\/\/farosurfrentals.com\/wp-content\/plugins\/vikrentitems\/admin\/resources\/big_tent9.jpeg\" rel=\"vrigroup13\" target=\"_blank\" class=\"vrimodal\" data-fancybox=\"gallery\"><img decoding=\"async\" src=\"https:\/\/farosurfrentals.com\/wp-content\/plugins\/vikrentitems\/admin\/resources\/thumb_tent9.jpeg\" alt=\"tent9.\"\/><\/a>\n\t\t\t\t\t\t\t<\/div>\n\t\t\t<\/div>\n\t\t<\/div>\n\n\t\t<div class=\"vri-itemdet-groupright\">\n\t\t\t<div class=\"vri-itemdet-infoblock\">\n\t\t\t\t<div class=\"vri-itemdet-infocat\">\n\t\t\t\t\t<span>Camping<\/span>\n\t\t\t\t<\/div>\n\t\t\t\t<div class=\"vri-itemdet-infoname\">\n\t\t\t\t\t<span>Tente et \u00e9quipement de camping<\/span>\n\t\t\t\t<\/div>\n\t\t\t<\/div>\n\t\t\t<div class=\"vri-itemdet-descr\">\n<pre id=\"tw-target-text\" class=\"tw-data-text tw-text-large tw-ta\" dir=\"ltr\" data-placeholder=\"Translation\" data-ved=\"2ahUKEwjh_9HI8IOLAxXqXfEDHc3xBNkQ3ewLegQIEBAV\" aria-label=\"Translated text: L'ensemble tente comprend : 1 tente, marque Quechua, pouvant accueillir 3 personnes Table de camping et 2 chaises faciles \u00e0 assembler BBQ et grillades 2 serviettes Parure de lit compl\u00e8te : matelas, oreiller, couverture double douillette ou gigoteuses et draps Taille du matelas : deux matelas simples en mousse 2\u00d70,7\u00d70,05 m, pliables, faciles \u00e0 utiliser Liquide vaisselle (biod\u00e9gradable) Cuisini\u00e8re \u00e0 gaz de camping Glaci\u00e8re (n\u00e9cessite de la glace) Tout pour cuisiner et manger : assiettes, casserole, po\u00eale, tasses, mugs, fourchettes, cuill\u00e8res, couteaux, planche \u00e0 d\u00e9couper, bol, saladier et d\u00e9capsuleur \u00e0 vin. Vous pouvez ajouter \u00e0 votre r\u00e9servation : des planches de surf, des SUP ou des charrettes \u00e0 bras 10 \u20ac\/r\u00e9servation (pour pouvoir transporter tout le mat\u00e9riel \u00e0 la main). Comment \u00e7a marche\u00a0: Louez une tente et un kit de camping. R\u00e9cup\u00e9rez l'ensemble de tente dans notre magasin pr\u00e8s de l'a\u00e9roport de Faro. Il est possible d'organiser gratuitement l'enl\u00e8vement et le retour en dehors de nos heures de travail (auto-enl\u00e8vement et auto-retour). O\u00f9 camper\u00a0: Liste de nos campings pr\u00e9f\u00e9r\u00e9s, voir plus de terrains de camping et de terrains de camping ici (homecamper.com).\"><span class=\"Y2IQFc\" lang=\"fr\">L'ensemble tente comprend :\r\n\r\n1 tente, marque Quechua, pouvant accueillir 3 personnes\r\nTable de camping et 2 chaises faciles \u00e0 assembler\r\nBBQ et grillades\r\n\r\n2 serviettes\r\nParure de lit compl\u00e8te : matelas, oreiller, couverture double douillette ou gigoteuses et draps\r\nTaille du matelas : deux matelas simples en mousse 2\u00d70,7\u00d70,05 m, pliables, faciles \u00e0 utiliser\r\nLiquide vaisselle (biod\u00e9gradable)\r\nCuisini\u00e8re \u00e0 gaz de camping\r\nGlaci\u00e8re (n\u00e9cessite de la glace)\r\nTout pour cuisiner et manger : assiettes, casserole, po\u00eale, tasses, mugs, fourchettes, cuill\u00e8res, couteaux, planche \u00e0 d\u00e9couper, bol, saladier et d\u00e9capsuleur \u00e0 vin.\r\nVous pouvez ajouter \u00e0 votre r\u00e9servation : des planches de surf, des SUP ou des charrettes \u00e0 bras 10 \u20ac\/r\u00e9servation (pour pouvoir transporter tout le mat\u00e9riel \u00e0 la main).\r\n\r\nComment \u00e7a marche\u00a0: Louez une tente et un kit de camping. R\u00e9cup\u00e9rez l'ensemble de tente dans notre magasin pr\u00e8s de l'a\u00e9roport de Faro. Il est possible d'organiser gratuitement l'enl\u00e8vement et le retour en dehors de nos heures de travail (auto-enl\u00e8vement et auto-retour). O\u00f9 camper\u00a0: Liste de nos campings pr\u00e9f\u00e9r\u00e9s, voir plus de terrains de camping et de terrains de camping ici (homecamper.com).<\/span><\/pre>\n\t\t\t<\/div>\n\t\t\t<div class=\"vri-itemdet-priceblock\">\n\t\t\t\t<span class=\"vri-itemdet-price-startfrom\">Starting From<\/span>\n\t\t\t\t<span class=\"vri-itemdet-price-cost\">\u20ac 18.00<\/span>\n\t\t\t\t<span class=\"vri-itemdet-price-fromtext\">per Day<\/span>\n\t\t\t<\/div>\n\t\t\t<\/div>\n\t<\/div>\n\t<div class=\"vri-avcals-container\">\n\t<\/div>\n\n\t<div id=\"vri-bookingpart-init\"><\/div>\n\n\t<div class=\"vri-bookform-container\">\n\t\t<h4 class=\"vri-medium-header\">Select a Pickup and Drop Off Date<\/h4>\n\t\t<div class=\"vridiscsquantsdiv\">\n\t\t\t<table class=\"vridiscsquantstable\">\n\t\t\t\t<tr class=\"vridiscsquantstrfirst\"><td>Quantity<\/td><td>Save<\/td><\/tr>\n\t\t\t\t\t\t\t\t<tr class=\"vridiscsquantstrentry\">\n\t\t\t\t\t<td>3 (or more)<\/td>\n\t\t\t\t\t<td>15%<\/td>\n\t\t\t\t<\/tr>\t\n\t\t\t\t\t\t\t\t<\/table>\n\t\t<\/div>\n\t<div class=\"vridivsearch vri-main-search-form\"><form action=\"https:\/\/farosurfrentals.com\/fr\/location-de-tentes\/?option=com_vikrentitems\" method=\"post\" onsubmit=\"return vriValidateSearch();\"><div class=\"vricalform\">\n<input type=\"hidden\" name=\"option\" value=\"com_vikrentitems\"\/>\n<input type=\"hidden\" name=\"task\" value=\"search\"\/>\n<input type=\"hidden\" name=\"itemdetail\" value=\"13\"\/>\n<div class=\"vrisfentry\"><label class=\"vripickdroplab\" for=\"pickupdate\">Pickup Date and Time<\/label><div class=\"vri-sf-input-wrap vri-sf-input-pickup\"><span><input type=\"text\" name=\"pickupdate\" id=\"pickupdate\" size=\"10\" autocomplete=\"off\" onfocus=\"this.blur();\" readonly\/><i class=\"far fa-calendar-alt vri-caltrigger\"><\/i><\/span><\/div><div class=\"vrisfentrytime\"><div class=\"vri-sf-entrytime-inner\"><label for=\"pickuph\">At<\/label><span id=\"vricomselph\"><select name=\"pickuph\" id=\"pickuph\"><option value=\"09\">9<\/option>\n<option value=\"10\">10<\/option>\n<option value=\"11\">11<\/option>\n<option value=\"12\">12<\/option>\n<option value=\"13\">13<\/option>\n<option value=\"14\">14<\/option>\n<option value=\"15\">15<\/option>\n<option value=\"16\">16<\/option>\n<option value=\"17\">17<\/option>\n<\/select><\/span><label class=\"vritimedots\">:<\/label><span id=\"vricomselpm\"><select name=\"pickupm\"><option value=\"00\" selected=\"selected\">00<\/option>\n<option value=\"15\">15<\/option>\n<option value=\"30\">30<\/option>\n<option value=\"45\">45<\/option>\n<\/select><\/span><\/div><\/div><\/div>\n<div class=\"vrisfentry\"><label class=\"vripickdroplab\" for=\"releasedate\">Drop Off Date and Time<\/label><div class=\"vri-sf-input-wrap vri-sf-input-pickup\"><span><input type=\"text\" name=\"releasedate\" id=\"releasedate\" size=\"10\" autocomplete=\"off\" onfocus=\"this.blur();\" readonly\/><i class=\"far fa-calendar-alt vri-caltrigger\"><\/i><\/span><\/div><div class=\"vrisfentrytime\"><div class=\"vri-sf-entrytime-inner\"><label for=\"releaseh\">At<\/label><span id=\"vricomseldh\"><select name=\"releaseh\" id=\"releaseh\"><option value=\"09\">9<\/option>\n<option value=\"10\">10<\/option>\n<option value=\"11\">11<\/option>\n<option value=\"12\">12<\/option>\n<option value=\"13\">13<\/option>\n<option value=\"14\">14<\/option>\n<option value=\"15\">15<\/option>\n<option value=\"16\">16<\/option>\n<option value=\"17\">17<\/option>\n<\/select><\/span><label class=\"vritimedots\">:<\/label><span id=\"vricomseldm\"><select name=\"releasem\"><option value=\"00\" selected=\"selected\">00<\/option>\n<option value=\"15\">15<\/option>\n<option value=\"30\">30<\/option>\n<option value=\"45\">45<\/option>\n<\/select><\/span><\/div><\/div><\/div>\n<div class=\"vrisfentry\"><label for=\"itemquant\">Quantity<\/label><span><input type=\"number\" name=\"itemquant\" id=\"itemquant\" value=\"1\" min=\"1\" max=\"6\" class=\"vri-numbinput\"\/><\/span><\/div>\n<div class=\"vrisfentrysubmit\"><input type=\"submit\" name=\"search\" value=\"Book Now\" class=\"vridetbooksubmit\"\/><\/div>\n<\/div>\n<\/form><\/div>\t<\/div>\n\t\t<script type=\"text\/javascript\">\n\tfunction vriCleanNumber(snum) {\n\t\tif (snum.length > 1 && snum.substr(0, 1) == '0') {\n\t\t\treturn parseInt(snum.substr(1));\n\t\t}\n\t\treturn parseInt(snum);\n\t}\n\n\tfunction vriValidateSearch() {\n\t\tif (typeof jQuery === 'undefined' || typeof vri_wopening_pick === 'undefined') {\n\t\t\treturn true;\n\t\t}\n\t\tif (vri_mopening_pick !== null) {\n\t\t\t\/\/ pickup time\n\t\t\tvar pickh = jQuery('#vricomselph').find('select').val();\n\t\t\tvar pickm = jQuery('#vricomselpm').find('select').val();\n\t\t\tif (!pickh || !pickh.length || !pickm) {\n\t\t\t\treturn true;\n\t\t\t}\n\t\t\tpickh = vriCleanNumber(pickh);\n\t\t\tpickm = vriCleanNumber(pickm);\n\t\t\tif (pickh == vri_mopening_pick[0]) {\n\t\t\t\tif (pickm < vri_mopening_pick[1]) {\n\t\t\t\t\t\/\/ location is still closed at this time\n\t\t\t\t\tjQuery('#vricomselpm').find('select').html('<option value=\"'+vri_mopening_pick[1]+'\">'+(vri_mopening_pick[1] < 10 ? '0'+vri_mopening_pick[1] : vri_mopening_pick[1])+'<\/option>').val(vri_mopening_pick[1]);\n\t\t\t\t}\n\t\t\t}\n\t\t\tif (pickh == vri_mopening_pick[2]) {\n\t\t\t\tif (pickm > vri_mopening_pick[3]) {\n\t\t\t\t\t\/\/ location is already closed at this time for a pick up\n\t\t\t\t\tjQuery('#vricomselpm').find('select').html('<option value=\"'+vri_mopening_pick[3]+'\">'+(vri_mopening_pick[3] < 10 ? '0'+vri_mopening_pick[3] : vri_mopening_pick[3])+'<\/option>').val(vri_mopening_pick[3]);\n\t\t\t\t}\n\t\t\t}\n\t\t}\n\n\t\tif (vri_mopening_drop !== null) {\n\t\t\t\/\/ dropoff time\n\t\t\tvar droph = jQuery('#vricomseldh').find('select').val();\n\t\t\tvar dropm = jQuery('#vricomseldm').find('select').val();\n\t\t\tif (!droph || !droph.length || !dropm) {\n\t\t\t\treturn true;\n\t\t\t}\n\t\t\tdroph = vriCleanNumber(droph);\n\t\t\tdropm = vriCleanNumber(dropm);\n\t\t\tif (droph == vri_mopening_drop[0]) {\n\t\t\t\tif (dropm > vri_mopening_drop[1]) {\n\t\t\t\t\t\/\/ location is already closed at this time\n\t\t\t\t\tjQuery('#vricomseldm').find('select').html('<option value=\"'+vri_mopening_drop[1]+'\">'+(vri_mopening_drop[1] < 10 ? '0'+vri_mopening_drop[1] : vri_mopening_drop[1])+'<\/option>').val(vri_mopening_drop[1]);\n\t\t\t\t}\n\t\t\t}\n\t\t\tif (droph == vri_mopening_drop[2]) {\n\t\t\t\tif (dropm < vri_mopening_drop[3]) {\n\t\t\t\t\t\/\/ location is still closed at this time for a drop off\n\t\t\t\t\tjQuery('#vricomseldm').find('select').html('<option value=\"'+vri_mopening_drop[3]+'\">'+(vri_mopening_drop[3] < 10 ? '0'+vri_mopening_drop[3] : vri_mopening_drop[3])+'<\/option>').val(vri_mopening_drop[3]);\n\t\t\t\t}\n\t\t\t}\n\t\t}\n\n\t\treturn true;\n\t}\n\n\tjQuery(document).ready(function() {\n\t\n\t\tjQuery(document.body).on('click', '.vri-idetails-cal-pickday', function() {\n\t\t\tif (!jQuery(\"#pickupdate\").length) {\n\t\t\t\treturn;\n\t\t\t}\n\t\t\tvar tdday = jQuery(this).attr('data-daydate');\n\t\t\tif (!tdday || !tdday.length) {\n\t\t\t\treturn;\n\t\t\t}\n\t\t\t\/\/ set pick-up date in datepicker\n\t\t\tjQuery('#pickupdate').datepicker('setDate', tdday);\n\t\t\t\/\/ animate to datepickers position\n\t\t\tif (jQuery(\"#vri-bookingpart-init\").length) {\n\t\t\t\tjQuery('html,body').animate({\n\t\t\t\t\tscrollTop: (jQuery('#vri-bookingpart-init').offset().top - 5)\n\t\t\t\t}, 600, function() {\n\t\t\t\t\t\/\/ animation-complete callback should simulate the onSelect event of the pick-up datepicker\n\t\t\t\t\tif (typeof vriSetMinDropoffDate !== \"undefined\") {\n\t\t\t\t\t\tvriSetMinDropoffDate();\n\t\t\t\t\t}\n\t\t\t\t\tif (typeof vriLocationWopening !== \"undefined\") {\n\t\t\t\t\t\tvriLocationWopening('pickup');\n\t\t\t\t\t}\n\t\t\t\t\t\/\/ give focus to drop-off datepicker\n\t\t\t\t\tif (jQuery('#releasedate').length) {\n\t\t\t\t\t\tjQuery('#releasedate').focus();\n\t\t\t\t\t}\n\t\t\t\t});\n\t\t\t}\n\t\t});\n\t});\n\t<\/script>\n\t<\/div>\n\n<\/div>\n\n","protected":false},"excerpt":{"rendered":"","protected":false},"author":2,"featured_media":0,"parent":0,"menu_order":0,"comment_status":"closed","ping_status":"closed","template":"","meta":{"footnotes":""},"class_list":["post-15038","page","type-page","status-publish","hentry"],"aioseo_notices":[],"_links":{"self":[{"href":"https:\/\/farosurfrentals.com\/fr\/wp-json\/wp\/v2\/pages\/15038","targetHints":{"allow":["GET"]}}],"collection":[{"href":"https:\/\/farosurfrentals.com\/fr\/wp-json\/wp\/v2\/pages"}],"about":[{"href":"https:\/\/farosurfrentals.com\/fr\/wp-json\/wp\/v2\/types\/page"}],"author":[{"embeddable":true,"href":"https:\/\/farosurfrentals.com\/fr\/wp-json\/wp\/v2\/users\/2"}],"replies":[{"embeddable":true,"href":"https:\/\/farosurfrentals.com\/fr\/wp-json\/wp\/v2\/comments?post=15038"}],"version-history":[{"count":0,"href":"https:\/\/farosurfrentals.com\/fr\/wp-json\/wp\/v2\/pages\/15038\/revisions"}],"wp:attachment":[{"href":"https:\/\/farosurfrentals.com\/fr\/wp-json\/wp\/v2\/media?parent=15038"}],"curies":[{"name":"wp","href":"https:\/\/api.w.org\/{rel}","templated":true}]}}