{"id":14892,"date":"2025-05-26T16:00:46","date_gmt":"2025-05-26T16:00:46","guid":{"rendered":"https:\/\/farosurfrentals.com\/elementor-14887\/"},"modified":"2025-05-27T16:34:51","modified_gmt":"2025-05-27T16:34:51","slug":"elementor-14887","status":"publish","type":"page","link":"https:\/\/farosurfrentals.com\/fr\/elementor-14887\/","title":{"rendered":"Location de tentes de camping pour \u00e9v\u00e9nements et festivals"},"content":{"rendered":"\t\t<div data-elementor-type=\"wp-page\" data-elementor-id=\"14892\" class=\"elementor elementor-14892 elementor-14887\" data-elementor-post-type=\"page\">\n\t\t\t\t\t\t<section class=\"elementor-section elementor-top-section elementor-element elementor-element-7ae55694 elementor-section-height-min-height elementor-section-boxed elementor-section-height-default elementor-section-items-middle\" data-id=\"7ae55694\" data-element_type=\"section\" data-e-type=\"section\" data-settings=\"{&quot;background_background&quot;:&quot;slideshow&quot;,&quot;background_slideshow_gallery&quot;:[{&quot;id&quot;:14880,&quot;url&quot;:&quot;https:\\\/\\\/farosurfrentals.com\\\/wp-content\\\/uploads\\\/2025\\\/05\\\/tent-in-bulk.jpg&quot;}],&quot;background_slideshow_slide_duration&quot;:5000,&quot;background_slideshow_slide_transition&quot;:&quot;fade&quot;,&quot;background_slideshow_transition_duration&quot;:500}\">\n\t\t\t\t\t\t\t<div class=\"elementor-background-overlay\"><\/div>\n\t\t\t\t\t\t\t<div class=\"elementor-container elementor-column-gap-extended\">\n\t\t\t\t\t<div class=\"elementor-column elementor-col-100 elementor-top-column elementor-element elementor-element-768d1d45 elementor-invisible\" data-id=\"768d1d45\" data-element_type=\"column\" data-e-type=\"column\" data-settings=\"{&quot;animation&quot;:&quot;fadeIn&quot;,&quot;animation_tablet&quot;:&quot;fadeIn&quot;,&quot;animation_mobile&quot;:&quot;fadeIn&quot;}\">\n\t\t\t<div class=\"elementor-widget-wrap elementor-element-populated\">\n\t\t\t\t\t\t<div class=\"elementor-element elementor-element-4db5b321 elementor-widget elementor-widget-heading\" data-id=\"4db5b321\" data-element_type=\"widget\" data-e-type=\"widget\" data-widget_type=\"heading.default\">\n\t\t\t\t<div class=\"elementor-widget-container\">\n\t\t\t\t\t<h1 class=\"elementor-heading-title elementor-size-small\">Location de tentes de camping pour festivals et \u00e9v\u00e9nements en vrac<\/h1>\t\t\t\t<\/div>\n\t\t\t\t<\/div>\n\t\t\t\t<div class=\"elementor-element elementor-element-6f590a1f elementor-widget elementor-widget-heading\" data-id=\"6f590a1f\" data-element_type=\"widget\" data-e-type=\"widget\" data-widget_type=\"heading.default\">\n\t\t\t\t<div class=\"elementor-widget-container\">\n\t\t\t\t\t<h2 class=\"elementor-heading-title elementor-size-default\">Louez des tentes de camping pour les festivals, les \u00e9v\u00e9nements et les voyages de groupe.<\/h2>\t\t\t\t<\/div>\n\t\t\t\t<\/div>\n\t\t\t\t\t<\/div>\n\t\t<\/div>\n\t\t\t\t\t<\/div>\n\t\t<\/section>\n\t\t\t\t<section class=\"elementor-section elementor-top-section elementor-element elementor-element-908dcb9 elementor-section-boxed elementor-section-height-default elementor-section-height-default\" data-id=\"908dcb9\" data-element_type=\"section\" data-e-type=\"section\">\n\t\t\t\t\t\t<div class=\"elementor-container elementor-column-gap-default\">\n\t\t\t\t\t<div class=\"elementor-column elementor-col-100 elementor-top-column elementor-element elementor-element-a457ab4\" data-id=\"a457ab4\" data-element_type=\"column\" data-e-type=\"column\">\n\t\t\t<div class=\"elementor-widget-wrap elementor-element-populated\">\n\t\t\t\t\t\t<div class=\"elementor-element elementor-element-643b14d elementor-widget elementor-widget-text-editor\" data-id=\"643b14d\" data-element_type=\"widget\" data-e-type=\"widget\" data-widget_type=\"text-editor.default\">\n\t\t\t\t<div class=\"elementor-widget-container\">\n\t\t\t\t\t\t\t\t\t<p><strong>Vous pr\u00e9voyez d&rsquo;organiser un grand \u00e9v\u00e9nement en plein air au Portugal ?<\/strong>  Nous vous couvrons, litt\u00e9ralement.<\/p><p>Nous proposons des <strong>tentes<\/strong> et du<strong> mat\u00e9riel de camping de<\/strong> <strong>haute qualit\u00e9<\/strong>, con\u00e7us pour les grands groupes. Assurez-vous que vos invit\u00e9s se d\u00e9tendent dans le confort et se concentrent enti\u00e8rement sur l&rsquo;exp\u00e9rience. <\/p><h2 data-sourcepos=\"9:1-9:18\">Ce que nous offrons :<\/h2><ul data-sourcepos=\"11:1-16:0\"><li data-sourcepos=\"11:1-11:68\"><strong>Location de tentes de camping :<\/strong> tentes de 2 \u00e0 3 personnes.<\/li><li data-sourcepos=\"12:1-12:110\">Des <strong>articles de camping essentiels pr\u00e9emball\u00e9s<\/strong>, notamment des tentes, des sacs de couchage, des matelas confortables et des oreillers.<\/li><li data-sourcepos=\"13:1-13:91\"><strong>Des formules de location flexibles :<\/strong> Des options de week-end ou de plusieurs jours pour s&rsquo;adapter \u00e0 la dur\u00e9e de votre \u00e9v\u00e9nement.<\/li><li data-sourcepos=\"14:1-14:102\"><strong>Logistique sans souci :<\/strong> Le nettoyage est inclus, couvrant la poussi\u00e8re, la salet\u00e9 et l&rsquo;usage typique d&rsquo;un festival.<\/li><li data-sourcepos=\"14:1-14:102\">La livraison et la collecte sont possibles en fonction de la situation g\u00e9ographique.<\/li><\/ul><h2 data-sourcepos=\"17:1-17:16\">Parfait pour :<\/h2><ul data-sourcepos=\"19:1-26:0\"><li data-sourcepos=\"19:1-19:41\"><strong>  Festivals de musique et d&rsquo;arts au Portugal<\/strong><\/li><li data-sourcepos=\"20:1-20:40\"><strong>Retraites d&rsquo;entreprise et sites ext\u00e9rieurs<\/strong><\/li><li data-sourcepos=\"21:1-21:38\"><strong>Voyages d&rsquo;\u00e9tudiants et camps scolaires<\/strong><\/li><li data-sourcepos=\"23:1-23:37\"><strong>H\u00e9bergement pour les tournois sportifs<\/strong><\/li><li data-sourcepos=\"24:1-24:25\"><strong>Camps de base pour les \u00e9quipes de tournage<\/strong><\/li><li data-sourcepos=\"24:1-24:25\">H\u00e9bergement de l \u00ab \u00e9quipe de l \u00bb \u00e9v\u00e9nement<\/li><\/ul><h2 data-sourcepos=\"17:1-17:16\">\u00c9quipement suppl\u00e9mentaire<\/h2><ul data-sourcepos=\"19:1-26:0\"><li data-sourcepos=\"19:1-19:41\"><a href=\"https:\/\/oceancamper.com\/rent-a-tent\/\"><strong>Set de cuisine de camping<\/strong><\/a><\/li><li data-sourcepos=\"20:1-20:40\"><a href=\"https:\/\/farosurfrentals.com\/fr\/planche-a-pagaie-sup\/\"><strong>Planches \u00e0 pagaie<\/strong><\/a><\/li><li data-sourcepos=\"21:1-21:38\"><a href=\"https:\/\/farosurfrentals.com\/fr\/planche-de-surf-80\/\"><strong>Planches de surf<\/strong><\/a><\/li><li data-sourcepos=\"23:1-23:37\"><a href=\"https:\/\/farosurfrentals.com\/fr\/location-de-combinaisons-de-plongee-faro-portugal\/\"><strong style=\"background-color: transparent;\">Combinaisons<\/strong><\/a><\/li><li data-sourcepos=\"23:1-23:37\"><a href=\"https:\/\/farosurfrentals.com\/fr\/set-de-plongee-avec-tuba\/\"><span style=\"background-color: transparent;\"><b>Mat\u00e9riel de plong\u00e9e avec tuba<\/b><\/span><\/a><\/li><li data-sourcepos=\"23:1-23:37\"><strong>Plus de mat\u00e9riel sur demande<\/strong><\/li><\/ul><h2 data-sourcepos=\"27:1-27:45\">Pourquoi choisir notre service de location de tentes ?<\/h2><p data-sourcepos=\"29:1-29:228\">Nous \u00e9liminons le stress de la logistique ext\u00e9rieure. Avec des tentes fiables et du mat\u00e9riel de couchage de qualit\u00e9, un service modulable et une assistance pratique, nous garantissons une installation de camping sans faille qui offre un endroit confortable pour se reposer et s&rsquo;adapte parfaitement \u00e0 la taille et \u00e0 l&rsquo;atmosph\u00e8re de votre \u00e9v\u00e9nement.  Contactez-nous d\u00e8s maintenant par courriel<a href=\"mailto:info@farosurfrentals.com\">(info@farosurfrentals.com)<\/a> ou par t\u00e9l\u00e9phone (+351 920301044).<\/p><p data-sourcepos=\"31:1-31:38\">Construisons ensemble le camp de base de votre \u00e9v\u00e9nement id\u00e9al.<\/p><hr data-sourcepos=\"33:1-33:3\">\t\t\t\t\t\t\t\t<\/div>\n\t\t\t\t<\/div>\n\t\t\t\t\t<\/div>\n\t\t<\/div>\n\t\t\t\t\t<\/div>\n\t\t<\/section>\n\t\t\t\t<\/div>\n\t\t","protected":false},"excerpt":{"rendered":"<p>Location de tentes de camping pour festivals et \u00e9v\u00e9nements en vrac Louez des tentes de camping pour les festivals, les \u00e9v\u00e9nements et les voyages de groupe. Vous pr\u00e9voyez d&rsquo;organiser un grand \u00e9v\u00e9nement en plein air au Portugal ? Nous vous couvrons, litt\u00e9ralement. Nous proposons des tentes et du mat\u00e9riel de camping de haute qualit\u00e9, con\u00e7us [&hellip;]<\/p>\n","protected":false},"author":2,"featured_media":14881,"parent":0,"menu_order":0,"comment_status":"closed","ping_status":"closed","template":"","meta":{"footnotes":""},"class_list":["post-14892","page","type-page","status-publish","has-post-thumbnail","hentry"],"aioseo_notices":[],"_links":{"self":[{"href":"https:\/\/farosurfrentals.com\/fr\/wp-json\/wp\/v2\/pages\/14892","targetHints":{"allow":["GET"]}}],"collection":[{"href":"https:\/\/farosurfrentals.com\/fr\/wp-json\/wp\/v2\/pages"}],"about":[{"href":"https:\/\/farosurfrentals.com\/fr\/wp-json\/wp\/v2\/types\/page"}],"author":[{"embeddable":true,"href":"https:\/\/farosurfrentals.com\/fr\/wp-json\/wp\/v2\/users\/2"}],"replies":[{"embeddable":true,"href":"https:\/\/farosurfrentals.com\/fr\/wp-json\/wp\/v2\/comments?post=14892"}],"version-history":[{"count":10,"href":"https:\/\/farosurfrentals.com\/fr\/wp-json\/wp\/v2\/pages\/14892\/revisions"}],"predecessor-version":[{"id":14988,"href":"https:\/\/farosurfrentals.com\/fr\/wp-json\/wp\/v2\/pages\/14892\/revisions\/14988"}],"wp:featuredmedia":[{"embeddable":true,"href":"https:\/\/farosurfrentals.com\/fr\/wp-json\/wp\/v2\/media\/14881"}],"wp:attachment":[{"href":"https:\/\/farosurfrentals.com\/fr\/wp-json\/wp\/v2\/media?parent=14892"}],"curies":[{"name":"wp","href":"https:\/\/api.w.org\/{rel}","templated":true}]}}