{"id":14822,"date":"2021-03-14T08:02:03","date_gmt":"2021-03-14T08:02:03","guid":{"rendered":"https:\/\/farosurfrentals.com\/conditions\/"},"modified":"2025-01-17T13:47:44","modified_gmt":"2025-01-17T13:47:44","slug":"conditions","status":"publish","type":"page","link":"https:\/\/farosurfrentals.com\/fr\/conditions\/","title":{"rendered":"Conditions"},"content":{"rendered":"\t\t<div data-elementor-type=\"wp-page\" data-elementor-id=\"14822\" class=\"elementor elementor-14822 elementor-757\" data-elementor-post-type=\"page\">\n\t\t\t\t\t\t<section class=\"elementor-section elementor-top-section elementor-element elementor-element-348c9c2 elementor-section-boxed elementor-section-height-default elementor-section-height-default\" data-id=\"348c9c2\" data-element_type=\"section\" data-e-type=\"section\">\n\t\t\t\t\t\t<div class=\"elementor-container elementor-column-gap-default\">\n\t\t\t\t\t<div class=\"elementor-column elementor-col-100 elementor-top-column elementor-element elementor-element-243daaa\" data-id=\"243daaa\" data-element_type=\"column\" data-e-type=\"column\">\n\t\t\t<div class=\"elementor-widget-wrap elementor-element-populated\">\n\t\t\t\t\t\t<div class=\"elementor-element elementor-element-8bb3515 elementor-widget elementor-widget-text-editor\" data-id=\"8bb3515\" data-element_type=\"widget\" data-e-type=\"widget\" data-widget_type=\"text-editor.default\">\n\t\t\t\t<div class=\"elementor-widget-container\">\n\t\t\t\t\t\t\t\t\t<h1>Conditions g\u00e9n\u00e9rales d&rsquo;utilisation<\/h1>\n\t\t\t\t\t\t\t\t<\/div>\n\t\t\t\t<\/div>\n\t\t\t\t\t<\/div>\n\t\t<\/div>\n\t\t\t\t\t<\/div>\n\t\t<\/section>\n\t\t\t\t<section class=\"elementor-section elementor-top-section elementor-element elementor-element-ac2a465 elementor-section-boxed elementor-section-height-default elementor-section-height-default\" data-id=\"ac2a465\" data-element_type=\"section\" data-e-type=\"section\">\n\t\t\t\t\t\t<div class=\"elementor-container elementor-column-gap-default\">\n\t\t\t\t\t<div class=\"elementor-column elementor-col-100 elementor-top-column elementor-element elementor-element-f242135\" data-id=\"f242135\" data-element_type=\"column\" data-e-type=\"column\">\n\t\t\t<div class=\"elementor-widget-wrap elementor-element-populated\">\n\t\t\t\t\t\t<div class=\"elementor-element elementor-element-a6dd338 elementor-widget elementor-widget-text-editor\" data-id=\"a6dd338\" data-element_type=\"widget\" data-e-type=\"widget\" data-widget_type=\"text-editor.default\">\n\t\t\t\t<div class=\"elementor-widget-container\">\n\t\t\t\t\t\t\t\t\t<p><strong>D\u00e9finitions<\/strong><\/p>\n<ul>\n<li>La personne qui loue le mat\u00e9riel est d\u00e9sign\u00e9e par le terme \u00ab\u00a0Vous\u00a0\u00bb.<\/li>\n<li>FaroSurfRentals est une marque appartenant \u00e0 NomadCanguru, lda, qui loue des camping-cars, des tentes, du mat\u00e9riel de camping, de sport et de loisirs, avec le num\u00e9ro d&rsquo;identification fiscale PT514806451, \u00e9galement appel\u00e9 \u00ab\u00a0Nous\u00a0\u00bb.<\/li>\n<\/ul>\n<p><strong>R\u00e9servation<\/strong><\/p>\n<ol>\n<li>Vous devez fournir des contacts corrects (email et t\u00e9l\u00e9phone)<\/li>\n<li>Nous pouvons contacter le locataire (t\u00e9l\u00e9phone\/email) pour confirmer la r\u00e9servation. Si vous ne confirmez pas la r\u00e9servation, nous ne garantissons pas la disponibilit\u00e9 du mat\u00e9riel. <\/li>\n<\/ol>\n<p><strong>Prise en charge\/d\u00e9pose<\/strong><\/p>\n<ol>\n<li>Vous devez prendre et d\u00e9poser le mat\u00e9riel pendant les heures de travail : Du lundi au vendredi, de 9h00 \u00e0 17h00.<\/li>\n<li>La prise en charge et la d\u00e9pose en dehors des horaires normaux ou le week-end peuvent \u00eatre possibles sur demande. Veuillez nous \u00e9crire. <\/li>\n<li>Pour les r\u00e9servations avec prise en charge le jour m\u00eame ou moins de 24 heures \u00e0 l&rsquo;avance, veuillez nous contacter par WhatsApp pour confirmer la disponibilit\u00e9.<\/li>\n<\/ol>\n<p><strong>Paiement<\/strong><\/p>\n<ol>\n<li>Vous devez payer le montant total de la r\u00e9servation lors de la prise en charge.<\/li>\n<li>Le d\u00e9p\u00f4t de garantie varie.<\/li>\n<li>Une caution est demand\u00e9e entre 10 et 200 \u20ac, en fonction du mat\u00e9riel lou\u00e9.<\/li>\n<li>Vous pouvez effectuer le d\u00e9p\u00f4t par carte de cr\u00e9dit ou en esp\u00e8ces.<\/li>\n<li>Nous remboursons le d\u00e9p\u00f4t de garantie au moment du d\u00e9part si aucun dommage ou perte n&rsquo;a \u00e9t\u00e9 constat\u00e9.<\/li>\n<li>Si vous souhaitez restituer l&rsquo;\u00e9quipement avant la date de d\u00e9part, nous ne rembourserons pas les jours manquants.<\/li>\n<\/ol>\n<p><strong>Equipement<\/strong><\/p>\n<ol>\n<li>Vous devez signaler les d\u00e9fauts que nous n&rsquo;avons pas d\u00e9cel\u00e9s lors de l&rsquo;enregistrement. Si vous ne l&rsquo;avez pas fait lors de l&rsquo;enregistrement ou peu apr\u00e8s, il est consid\u00e9r\u00e9 que vous avez re\u00e7u le mat\u00e9riel en parfait \u00e9tat de fonctionnement. <\/li>\n<li>Vous devez restituer le mat\u00e9riel dans un \u00e9tat propre et similaire \u00e0 celui dans lequel vous l&rsquo;avez re\u00e7u. L&rsquo;usure normale est accept\u00e9e. <\/li>\n<\/ol>\n<ol>\n<li style=\"list-style-type: none;\"> <\/li>\n<\/ol>\n<div> <\/div>\n\t\t\t\t\t\t\t\t<\/div>\n\t\t\t\t<\/div>\n\t\t\t\t\t<\/div>\n\t\t<\/div>\n\t\t\t\t\t<\/div>\n\t\t<\/section>\n\t\t\t\t<section class=\"elementor-section elementor-top-section elementor-element elementor-element-1818b8e elementor-section-boxed elementor-section-height-default elementor-section-height-default\" data-id=\"1818b8e\" data-element_type=\"section\" data-e-type=\"section\">\n\t\t\t\t\t\t<div class=\"elementor-container elementor-column-gap-default\">\n\t\t\t\t\t<div class=\"elementor-column elementor-col-100 elementor-top-column elementor-element elementor-element-5036ac4\" data-id=\"5036ac4\" data-element_type=\"column\" data-e-type=\"column\">\n\t\t\t<div class=\"elementor-widget-wrap\">\n\t\t\t\t\t\t\t<\/div>\n\t\t<\/div>\n\t\t\t\t\t<\/div>\n\t\t<\/section>\n\t\t\t\t<\/div>\n\t\t","protected":false},"excerpt":{"rendered":"<p>Conditions g\u00e9n\u00e9rales d&rsquo;utilisation D\u00e9finitions La personne qui loue le mat\u00e9riel est d\u00e9sign\u00e9e par le terme \u00ab\u00a0Vous\u00a0\u00bb. FaroSurfRentals est une marque appartenant \u00e0 NomadCanguru, lda, qui loue des camping-cars, des tentes, du mat\u00e9riel de camping, de sport et de loisirs, avec le num\u00e9ro d&rsquo;identification fiscale PT514806451, \u00e9galement appel\u00e9 \u00ab\u00a0Nous\u00a0\u00bb. R\u00e9servation Vous devez fournir des contacts corrects [&hellip;]<\/p>\n","protected":false},"author":1,"featured_media":14636,"parent":0,"menu_order":0,"comment_status":"closed","ping_status":"closed","template":"","meta":{"footnotes":""},"class_list":["post-14822","page","type-page","status-publish","has-post-thumbnail","hentry"],"aioseo_notices":[],"_links":{"self":[{"href":"https:\/\/farosurfrentals.com\/fr\/wp-json\/wp\/v2\/pages\/14822","targetHints":{"allow":["GET"]}}],"collection":[{"href":"https:\/\/farosurfrentals.com\/fr\/wp-json\/wp\/v2\/pages"}],"about":[{"href":"https:\/\/farosurfrentals.com\/fr\/wp-json\/wp\/v2\/types\/page"}],"author":[{"embeddable":true,"href":"https:\/\/farosurfrentals.com\/fr\/wp-json\/wp\/v2\/users\/1"}],"replies":[{"embeddable":true,"href":"https:\/\/farosurfrentals.com\/fr\/wp-json\/wp\/v2\/comments?post=14822"}],"version-history":[{"count":1,"href":"https:\/\/farosurfrentals.com\/fr\/wp-json\/wp\/v2\/pages\/14822\/revisions"}],"predecessor-version":[{"id":14823,"href":"https:\/\/farosurfrentals.com\/fr\/wp-json\/wp\/v2\/pages\/14822\/revisions\/14823"}],"wp:featuredmedia":[{"embeddable":true,"href":"https:\/\/farosurfrentals.com\/fr\/wp-json\/wp\/v2\/media\/14636"}],"wp:attachment":[{"href":"https:\/\/farosurfrentals.com\/fr\/wp-json\/wp\/v2\/media?parent=14822"}],"curies":[{"name":"wp","href":"https:\/\/api.w.org\/{rel}","templated":true}]}}