{"id":14894,"date":"2025-05-26T16:00:46","date_gmt":"2025-05-26T16:00:46","guid":{"rendered":"https:\/\/farosurfrentals.com\/elementor-14887\/"},"modified":"2025-05-27T16:34:51","modified_gmt":"2025-05-27T16:34:51","slug":"elementor-14887","status":"publish","type":"page","link":"https:\/\/farosurfrentals.com\/de\/elementor-14887\/","title":{"rendered":"Zeltverleih f\u00fcr Veranstaltungen und Festivals"},"content":{"rendered":"\t\t<div data-elementor-type=\"wp-page\" data-elementor-id=\"14894\" class=\"elementor elementor-14894 elementor-14887\" data-elementor-post-type=\"page\">\n\t\t\t\t\t\t<section class=\"elementor-section elementor-top-section elementor-element elementor-element-7ae55694 elementor-section-height-min-height elementor-section-boxed elementor-section-height-default elementor-section-items-middle\" data-id=\"7ae55694\" data-element_type=\"section\" data-e-type=\"section\" data-settings=\"{&quot;background_background&quot;:&quot;slideshow&quot;,&quot;background_slideshow_gallery&quot;:[{&quot;id&quot;:14880,&quot;url&quot;:&quot;https:\\\/\\\/farosurfrentals.com\\\/wp-content\\\/uploads\\\/2025\\\/05\\\/tent-in-bulk.jpg&quot;}],&quot;background_slideshow_slide_duration&quot;:5000,&quot;background_slideshow_slide_transition&quot;:&quot;fade&quot;,&quot;background_slideshow_transition_duration&quot;:500}\">\n\t\t\t\t\t\t\t<div class=\"elementor-background-overlay\"><\/div>\n\t\t\t\t\t\t\t<div class=\"elementor-container elementor-column-gap-extended\">\n\t\t\t\t\t<div class=\"elementor-column elementor-col-100 elementor-top-column elementor-element elementor-element-768d1d45 elementor-invisible\" data-id=\"768d1d45\" data-element_type=\"column\" data-e-type=\"column\" data-settings=\"{&quot;animation&quot;:&quot;fadeIn&quot;,&quot;animation_tablet&quot;:&quot;fadeIn&quot;,&quot;animation_mobile&quot;:&quot;fadeIn&quot;}\">\n\t\t\t<div class=\"elementor-widget-wrap elementor-element-populated\">\n\t\t\t\t\t\t<div class=\"elementor-element elementor-element-4db5b321 elementor-widget elementor-widget-heading\" data-id=\"4db5b321\" data-element_type=\"widget\" data-e-type=\"widget\" data-widget_type=\"heading.default\">\n\t\t\t\t<div class=\"elementor-widget-container\">\n\t\t\t\t\t<h1 class=\"elementor-heading-title elementor-size-small\">Zeltverleih f\u00fcr Festivals und Veranstaltungen<\/h1>\t\t\t\t<\/div>\n\t\t\t\t<\/div>\n\t\t\t\t<div class=\"elementor-element elementor-element-6f590a1f elementor-widget elementor-widget-heading\" data-id=\"6f590a1f\" data-element_type=\"widget\" data-e-type=\"widget\" data-widget_type=\"heading.default\">\n\t\t\t\t<div class=\"elementor-widget-container\">\n\t\t\t\t\t<h2 class=\"elementor-heading-title elementor-size-default\">Mieten Sie Campingzelte f\u00fcr Feste, Veranstaltungen und Gruppenreisen.<\/h2>\t\t\t\t<\/div>\n\t\t\t\t<\/div>\n\t\t\t\t\t<\/div>\n\t\t<\/div>\n\t\t\t\t\t<\/div>\n\t\t<\/section>\n\t\t\t\t<section class=\"elementor-section elementor-top-section elementor-element elementor-element-908dcb9 elementor-section-boxed elementor-section-height-default elementor-section-height-default\" data-id=\"908dcb9\" data-element_type=\"section\" data-e-type=\"section\">\n\t\t\t\t\t\t<div class=\"elementor-container elementor-column-gap-default\">\n\t\t\t\t\t<div class=\"elementor-column elementor-col-100 elementor-top-column elementor-element elementor-element-a457ab4\" data-id=\"a457ab4\" data-element_type=\"column\" data-e-type=\"column\">\n\t\t\t<div class=\"elementor-widget-wrap elementor-element-populated\">\n\t\t\t\t\t\t<div class=\"elementor-element elementor-element-643b14d elementor-widget elementor-widget-text-editor\" data-id=\"643b14d\" data-element_type=\"widget\" data-e-type=\"widget\" data-widget_type=\"text-editor.default\">\n\t\t\t\t<div class=\"elementor-widget-container\">\n\t\t\t\t\t\t\t\t\t<p><strong>Sie planen eine gro\u00dfe Veranstaltung im Freien in Portugal?<\/strong>  Wir haben f\u00fcr Sie vorgesorgt &#8211; im wahrsten Sinne des Wortes.<\/p><p>Wir<strong> vermieten<\/strong> <strong>hochwertige Zelte<\/strong> und<strong> Campingausr\u00fcstung<\/strong> f\u00fcr gro\u00dfe Gruppen. Sorgen Sie daf\u00fcr, dass sich Ihre G\u00e4ste bequem entspannen und sich ganz auf das Erlebnis konzentrieren k\u00f6nnen. <\/p><h2 data-sourcepos=\"9:1-9:18\">Was wir anbieten:<\/h2><ul data-sourcepos=\"11:1-16:0\"><li data-sourcepos=\"11:1-11:68\"><strong>Vermietung von Campingzelten:<\/strong> Zelte f\u00fcr 2-3 Personen.<\/li><li data-sourcepos=\"12:1-12:110\"><strong>Vorgepackte Campingutensilien<\/strong> wie Zelte, Schlafs\u00e4cke, bequeme Matten und Kissen.<\/li><li data-sourcepos=\"13:1-13:91\"><strong>Flexible Mietpakete:<\/strong> Wochenend- oder mehrt\u00e4gige Optionen, um die Dauer Ihrer Veranstaltung anzupassen.<\/li><li data-sourcepos=\"14:1-14:102\"><strong>Problemlose Logistik:<\/strong> Die Reinigung ist im Preis inbegriffen und deckt Staub, Schmutz und den typischen Festivalgebrauch ab.<\/li><li data-sourcepos=\"14:1-14:102\">Lieferung und Abholung je nach Standort m\u00f6glich.<\/li><\/ul><h2 data-sourcepos=\"17:1-17:16\">Perfekt f\u00fcr:<\/h2><ul data-sourcepos=\"19:1-26:0\"><li data-sourcepos=\"19:1-19:41\"><strong>  Musik- und Kunstfestivals in Portugal<\/strong><\/li><li data-sourcepos=\"20:1-20:40\"><strong>Corporate Retreats &amp; Off-Sites<\/strong><\/li><li data-sourcepos=\"21:1-21:38\"><strong>Studentenausfl\u00fcge &amp; Schulcamps<\/strong><\/li><li data-sourcepos=\"23:1-23:37\"><strong>Unterkunft f\u00fcr Sportturniere<\/strong><\/li><li data-sourcepos=\"24:1-24:25\"><strong>Film Crew Basecamps<\/strong><\/li><li data-sourcepos=\"24:1-24:25\">Event Crew Unterkunft<\/li><\/ul><h2 data-sourcepos=\"17:1-17:16\">Zus\u00e4tzliche Ausr\u00fcstung<\/h2><ul data-sourcepos=\"19:1-26:0\"><li data-sourcepos=\"19:1-19:41\"><a href=\"https:\/\/oceancamper.com\/rent-a-tent\/\"><strong>Camping-K\u00fcchenset<\/strong><\/a><\/li><li data-sourcepos=\"20:1-20:40\"><a href=\"https:\/\/farosurfrentals.com\/de\/stand-up-paddleboard\/\"><strong>Stand-up-Paddleboards<\/strong><\/a><\/li><li data-sourcepos=\"21:1-21:38\"><a href=\"https:\/\/farosurfrentals.com\/de\/surfbrett-80\/\"><strong>Surfbretter<\/strong><\/a><\/li><li data-sourcepos=\"23:1-23:37\"><a href=\"https:\/\/farosurfrentals.com\/de\/neoprenanzuege\/\"><strong style=\"background-color: transparent;\">Neoprenanz\u00fcge<\/strong><\/a><\/li><li data-sourcepos=\"23:1-23:37\"><a href=\"https:\/\/farosurfrentals.com\/de\/schnorchelset\/\"><span style=\"background-color: transparent;\"><b>Schnorchelausr\u00fcstung<\/b><\/span><\/a><\/li><li data-sourcepos=\"23:1-23:37\"><strong>Mehr Ausr\u00fcstung auf Anfrage<\/strong><\/li><\/ul><h2 data-sourcepos=\"27:1-27:45\">Warum sollten Sie sich f\u00fcr unseren Mietservice f\u00fcr Veranstaltungszelte entscheiden?<\/h2><p data-sourcepos=\"29:1-29:228\">Wir nehmen Ihnen den Stress der Outdoor-Logistik ab. Mit zuverl\u00e4ssigen Zelten und hochwertiger Schlafausr\u00fcstung, skalierbarem Service und praktischer Unterst\u00fctzung garantieren wir einen nahtlosen Campingaufbau, der einen bequemen Platz zum Ausruhen bietet und perfekt auf die Gr\u00f6\u00dfe und Atmosph\u00e4re Ihrer Veranstaltung abgestimmt ist. Kontaktieren Sie uns jetzt per E-Mail<a href=\"mailto:info@farosurfrentals.com\">(info@farosurfrentals.com)<\/a> oder Telefon (+351 920301044).  <\/p><p data-sourcepos=\"31:1-31:38\">Lassen Sie uns Ihr ideales Event-Basecamp erstellen.<\/p><hr data-sourcepos=\"33:1-33:3\">\t\t\t\t\t\t\t\t<\/div>\n\t\t\t\t<\/div>\n\t\t\t\t\t<\/div>\n\t\t<\/div>\n\t\t\t\t\t<\/div>\n\t\t<\/section>\n\t\t\t\t<\/div>\n\t\t","protected":false},"excerpt":{"rendered":"<p>Zeltverleih f\u00fcr Festivals und Veranstaltungen Mieten Sie Campingzelte f\u00fcr Feste, Veranstaltungen und Gruppenreisen. Sie planen eine gro\u00dfe Veranstaltung im Freien in Portugal? Wir haben f\u00fcr Sie vorgesorgt &#8211; im wahrsten Sinne des Wortes. Wir vermieten hochwertige Zelte und Campingausr\u00fcstung f\u00fcr gro\u00dfe Gruppen. Sorgen Sie daf\u00fcr, dass sich Ihre G\u00e4ste bequem entspannen und sich ganz auf [&hellip;]<\/p>\n","protected":false},"author":2,"featured_media":14882,"parent":0,"menu_order":0,"comment_status":"closed","ping_status":"closed","template":"","meta":{"footnotes":""},"class_list":["post-14894","page","type-page","status-publish","has-post-thumbnail","hentry"],"aioseo_notices":[],"_links":{"self":[{"href":"https:\/\/farosurfrentals.com\/de\/wp-json\/wp\/v2\/pages\/14894","targetHints":{"allow":["GET"]}}],"collection":[{"href":"https:\/\/farosurfrentals.com\/de\/wp-json\/wp\/v2\/pages"}],"about":[{"href":"https:\/\/farosurfrentals.com\/de\/wp-json\/wp\/v2\/types\/page"}],"author":[{"embeddable":true,"href":"https:\/\/farosurfrentals.com\/de\/wp-json\/wp\/v2\/users\/2"}],"replies":[{"embeddable":true,"href":"https:\/\/farosurfrentals.com\/de\/wp-json\/wp\/v2\/comments?post=14894"}],"version-history":[{"count":9,"href":"https:\/\/farosurfrentals.com\/de\/wp-json\/wp\/v2\/pages\/14894\/revisions"}],"predecessor-version":[{"id":14987,"href":"https:\/\/farosurfrentals.com\/de\/wp-json\/wp\/v2\/pages\/14894\/revisions\/14987"}],"wp:featuredmedia":[{"embeddable":true,"href":"https:\/\/farosurfrentals.com\/de\/wp-json\/wp\/v2\/media\/14882"}],"wp:attachment":[{"href":"https:\/\/farosurfrentals.com\/de\/wp-json\/wp\/v2\/media?parent=14894"}],"curies":[{"name":"wp","href":"https:\/\/api.w.org\/{rel}","templated":true}]}}