{"id":14451,"date":"2021-03-14T08:02:03","date_gmt":"2021-03-14T08:02:03","guid":{"rendered":"https:\/\/farosurfrentals.com\/?page_id=14451"},"modified":"2023-02-24T20:28:47","modified_gmt":"2023-02-24T20:28:47","slug":"allgemeine-geschaeftsbedingungen","status":"publish","type":"page","link":"https:\/\/farosurfrentals.com\/de\/allgemeine-geschaeftsbedingungen\/","title":{"rendered":"Allgemeine Gesch\u00e4ftsbedingungen"},"content":{"rendered":"\t\t<div data-elementor-type=\"wp-page\" data-elementor-id=\"14451\" class=\"elementor elementor-14451 elementor-757\" data-elementor-post-type=\"page\">\n\t\t\t\t\t\t<section class=\"elementor-section elementor-top-section elementor-element elementor-element-ac2a465 elementor-section-boxed elementor-section-height-default elementor-section-height-default\" data-id=\"ac2a465\" data-element_type=\"section\" data-e-type=\"section\">\n\t\t\t\t\t\t<div class=\"elementor-container elementor-column-gap-default\">\n\t\t\t\t\t<div class=\"elementor-column elementor-col-100 elementor-top-column elementor-element elementor-element-f242135\" data-id=\"f242135\" data-element_type=\"column\" data-e-type=\"column\">\n\t\t\t<div class=\"elementor-widget-wrap elementor-element-populated\">\n\t\t\t\t\t\t<div class=\"elementor-element elementor-element-a6dd338 elementor-widget elementor-widget-text-editor\" data-id=\"a6dd338\" data-element_type=\"widget\" data-e-type=\"widget\" data-widget_type=\"text-editor.default\">\n\t\t\t\t<div class=\"elementor-widget-container\">\n\t\t\t\t\t\t\t\t\t<p><strong>Definitionen <\/strong><\/p><ul><li>Die Person, die die Ausr\u00fcstung mietet, wird im Folgenden als \u201eSie\u201c bezeichnet.<\/li><li>FaroSurfRentals ist eine Marke von NomadCanguru, lda, die Wohnmobile, Zelte, Camping-, Sport- und Freizeitausr\u00fcstung mit der Steueridentifikationsnummer PT514806451 vermietet, die auch als \u201eWir\u201c oder \u201eUns\u201c bezeichnet wird.<\/li><\/ul><p>\u00a0<\/p><p><strong>Reservierung <\/strong><\/p><ol><li>Sie m\u00fcssen korrekte Kontaktdaten (E-Mail und Telefon) angeben.<\/li><li>Wir k\u00f6nnen den Mieter (Telefon\/E-Mail) kontaktieren, um die Buchung zu best\u00e4tigen. Falls Sie die Buchung nicht best\u00e4tigen, garantieren wir die Verf\u00fcgbarkeit der Ausr\u00fcstung nicht.<\/li><\/ol><p>\u00a0<\/p><p><strong>Abholung\/Abgabe<\/strong><\/p><ol><li>Sie m\u00fcssen die Ausr\u00fcstung w\u00e4hrend der Arbeitszeit abholen und abgeben: Von Montag bis Freitag, von 9.00 bis 17.00 Uhr.<\/li><li>Die Abholung und R\u00fcckgabe au\u00dferhalb der normalen Zeiten oder am Wochenende ist auf Anfrage m\u00f6glich. Bitte schreiben Sie uns.<\/li><li>F\u00fcr Reservierungen mit Abholung am selben Tag oder weniger als 24 Stunden im Voraus kontaktieren Sie uns bitte per WhatsApp, um die Verf\u00fcgbarkeit zu best\u00e4tigen.<\/li><\/ol><p>\u00a0<\/p><p><strong>Zahlung<\/strong><\/p><ol><li>Sie m\u00fcssen den vollen Buchungsbetrag bei der Abholung bezahlen.<\/li><li>Die Kaution reicht.<\/li><li>Es gibt eine Kaution zwischen 10-200\u20ac, abh\u00e4ngig von der gemieteten Ausr\u00fcstung.<\/li><li>Sie k\u00f6nnen die Einzahlung per Kreditkarte oder in bar vornehmen.<\/li><li>Wir erstatten die Kaution beim Check-out, falls keine Sch\u00e4den oder Verluste vorliegen.<\/li><li>Falls Sie die Ausr\u00fcstung vor dem Abreisedatum zur\u00fcckgeben m\u00f6chten, erstatten wir die fehlenden Tage nicht.<\/li><\/ol><p>\u00a0<\/p><p><strong>A<\/strong><strong>usstattung <\/strong><\/p><ol><li>Von uns nicht festgestellte M\u00e4ngel m\u00fcssen Sie beim Check-in r\u00fcgen. Wenn Sie uns beim Check-in oder kurz danach nicht benachrichtigt haben, wird davon ausgegangen, dass Sie das Ger\u00e4t in einwandfreiem Zustand erhalten haben.<\/li><li>Sie m\u00fcssen das Ger\u00e4t in einem sauberen und \u00e4hnlichen Zustand zur\u00fcckgeben, wie Sie es erhalten haben. Normale Abnutzung wird akzeptiert.<\/li><\/ol>\t\t\t\t\t\t\t\t<\/div>\n\t\t\t\t<\/div>\n\t\t\t\t\t<\/div>\n\t\t<\/div>\n\t\t\t\t\t<\/div>\n\t\t<\/section>\n\t\t\t\t<section class=\"elementor-section elementor-top-section elementor-element elementor-element-1818b8e elementor-section-boxed elementor-section-height-default elementor-section-height-default\" data-id=\"1818b8e\" data-element_type=\"section\" data-e-type=\"section\">\n\t\t\t\t\t\t<div class=\"elementor-container elementor-column-gap-default\">\n\t\t\t\t\t<div class=\"elementor-column elementor-col-100 elementor-top-column elementor-element elementor-element-5036ac4\" data-id=\"5036ac4\" data-element_type=\"column\" data-e-type=\"column\">\n\t\t\t<div class=\"elementor-widget-wrap\">\n\t\t\t\t\t\t\t<\/div>\n\t\t<\/div>\n\t\t\t\t\t<\/div>\n\t\t<\/section>\n\t\t\t\t<\/div>\n\t\t","protected":false},"excerpt":{"rendered":"<p>Definitionen Die Person, die die Ausr\u00fcstung mietet, wird im Folgenden als \u201eSie\u201c bezeichnet. FaroSurfRentals ist eine Marke von NomadCanguru, lda, die Wohnmobile, Zelte, Camping-, Sport- und Freizeitausr\u00fcstung mit der Steueridentifikationsnummer PT514806451 vermietet, die auch als \u201eWir\u201c oder \u201eUns\u201c bezeichnet wird. \u00a0 Reservierung Sie m\u00fcssen korrekte Kontaktdaten (E-Mail und Telefon) angeben. Wir k\u00f6nnen den Mieter (Telefon\/E-Mail) [&hellip;]<\/p>\n","protected":false},"author":3,"featured_media":818,"parent":0,"menu_order":0,"comment_status":"closed","ping_status":"closed","template":"","meta":{"footnotes":""},"class_list":["post-14451","page","type-page","status-publish","has-post-thumbnail","hentry"],"aioseo_notices":[],"_links":{"self":[{"href":"https:\/\/farosurfrentals.com\/de\/wp-json\/wp\/v2\/pages\/14451","targetHints":{"allow":["GET"]}}],"collection":[{"href":"https:\/\/farosurfrentals.com\/de\/wp-json\/wp\/v2\/pages"}],"about":[{"href":"https:\/\/farosurfrentals.com\/de\/wp-json\/wp\/v2\/types\/page"}],"author":[{"embeddable":true,"href":"https:\/\/farosurfrentals.com\/de\/wp-json\/wp\/v2\/users\/3"}],"replies":[{"embeddable":true,"href":"https:\/\/farosurfrentals.com\/de\/wp-json\/wp\/v2\/comments?post=14451"}],"version-history":[{"count":4,"href":"https:\/\/farosurfrentals.com\/de\/wp-json\/wp\/v2\/pages\/14451\/revisions"}],"predecessor-version":[{"id":14455,"href":"https:\/\/farosurfrentals.com\/de\/wp-json\/wp\/v2\/pages\/14451\/revisions\/14455"}],"wp:featuredmedia":[{"embeddable":true,"href":"https:\/\/farosurfrentals.com\/de\/wp-json\/wp\/v2\/media\/818"}],"wp:attachment":[{"href":"https:\/\/farosurfrentals.com\/de\/wp-json\/wp\/v2\/media?parent=14451"}],"curies":[{"name":"wp","href":"https:\/\/api.w.org\/{rel}","templated":true}]}}