{"id":14381,"date":"2021-03-08T21:24:09","date_gmt":"2021-03-08T21:24:09","guid":{"rendered":"https:\/\/farosurfrentals.com\/suchergebnisse\/"},"modified":"2023-02-24T14:40:44","modified_gmt":"2023-02-24T14:40:44","slug":"suchergebnisse","status":"publish","type":"page","link":"https:\/\/farosurfrentals.com\/de\/suchergebnisse\/","title":{"rendered":"Suchergebnisse"},"content":{"rendered":"\t\t<div data-elementor-type=\"wp-page\" data-elementor-id=\"14381\" class=\"elementor elementor-14381 elementor-290\" data-elementor-post-type=\"page\">\n\t\t\t\t\t\t<section class=\"elementor-section elementor-top-section elementor-element elementor-element-3beb5d64 elementor-section-boxed elementor-section-height-default elementor-section-height-default\" data-id=\"3beb5d64\" data-element_type=\"section\" data-e-type=\"section\">\n\t\t\t\t\t\t<div class=\"elementor-container elementor-column-gap-default\">\n\t\t\t\t\t<div class=\"elementor-column elementor-col-100 elementor-top-column elementor-element elementor-element-271851ab\" data-id=\"271851ab\" data-element_type=\"column\" data-e-type=\"column\">\n\t\t\t<div class=\"elementor-widget-wrap elementor-element-populated\">\n\t\t\t\t\t\t<div class=\"elementor-element elementor-element-70e6f39a elementor-widget elementor-widget-shortcode\" data-id=\"70e6f39a\" data-element_type=\"widget\" data-e-type=\"widget\" data-widget_type=\"shortcode.default\">\n\t\t\t\t<div class=\"elementor-widget-container\">\n\t\t\t\t\t\t\t<div class=\"elementor-shortcode\">\n<div class=\"wrap plugin-container\">\n\n\t\n\t\n\t<h3 class=\"vri-page-head-title\">Inhalt<\/h3>Inhalt<div class=\"vridivsearch vri-main-search-form\"><form action=\"https:\/\/farosurfrentals.com\/de\/suchergebnisse\/?option=com_vikrentitems\" method=\"post\" onsubmit=\"return vriValidateSearch();\"><div class=\"vricalform\">\n<input type=\"hidden\" name=\"option\" value=\"com_vikrentitems\"\/>\n<input type=\"hidden\" name=\"task\" value=\"search\"\/>\n<div class=\"vrisfentry\"><label class=\"vripickdroplab\" for=\"pickupdate\">Mieten von (Datum und Zeit)<\/label><div class=\"vri-sf-input-wrap vri-sf-input-pickup\"><span><input type=\"text\" name=\"pickupdate\" id=\"pickupdate\" size=\"10\" autocomplete=\"off\" onfocus=\"this.blur();\" readonly\/><i class=\"far fa-calendar-alt vri-caltrigger\"><\/i><\/span><\/div><div class=\"vrisfentrytime\"><div class=\"vri-sf-entrytime-inner\"><label for=\"pickuph\">Um<\/label><span id=\"vricomselph\"><select name=\"pickuph\" id=\"pickuph\"><option value=\"09\">9<\/option>\n<option value=\"10\">10<\/option>\n<option value=\"11\">11<\/option>\n<option value=\"12\">12<\/option>\n<option value=\"13\">13<\/option>\n<option value=\"14\">14<\/option>\n<option value=\"15\">15<\/option>\n<option value=\"16\">16<\/option>\n<option value=\"17\">17<\/option>\n<\/select><\/span><label class=\"vritimedots\">:<\/label><span id=\"vricomselpm\"><select name=\"pickupm\"><option value=\"00\" selected=\"selected\">00<\/option>\n<option value=\"15\">15<\/option>\n<option value=\"30\">30<\/option>\n<option value=\"45\">45<\/option>\n<\/select><\/span><\/div><\/div><\/div>\n<div class=\"vrisfentry\"><label class=\"vripickdroplab\" for=\"releasedate\">Mieten bis (Datum und Zeit)<\/label><div class=\"vri-sf-input-wrap vri-sf-input-dropoff\"><span><input type=\"text\" name=\"releasedate\" id=\"releasedate\" size=\"10\" autocomplete=\"off\" onfocus=\"this.blur();\" readonly\/><i class=\"far fa-calendar-alt vri-caltrigger\"><\/i><\/span><\/div><div class=\"vrisfentrytime\"><div class=\"vri-sf-entrytime-inner\"><label for=\"releaseh\">Um<\/label><span id=\"vricomseldh\"><select name=\"releaseh\" id=\"releaseh\"><option value=\"09\">9<\/option>\n<option value=\"10\">10<\/option>\n<option value=\"11\">11<\/option>\n<option value=\"12\">12<\/option>\n<option value=\"13\">13<\/option>\n<option value=\"14\">14<\/option>\n<option value=\"15\">15<\/option>\n<option value=\"16\">16<\/option>\n<option value=\"17\">17<\/option>\n<\/select><\/span><label class=\"vritimedots\">:<\/label><span id=\"vricomseldm\"><select name=\"releasem\"><option value=\"00\" selected=\"selected\">00<\/option>\n<option value=\"15\">15<\/option>\n<option value=\"30\">30<\/option>\n<option value=\"45\">45<\/option>\n<\/select><\/span><\/div><\/div><\/div>\n<div class=\"vrisfentry\"><label for=\"vri-categories\">Kategorie<\/label><span class=\"vriplacesp\"><select name=\"categories\" id=\"vri-categories\"><option value=\"all\">Alle<\/option>\n<option value=\"2\">Camping<\/option>\n<option value=\"3\">Electronics<\/option>\n<option value=\"4\">Anderes<\/option>\n<option value=\"1\">Wassersport<\/option>\n<\/select><\/span><\/div>\n<div class=\"vrisfentrysubmit\"><input type=\"submit\" name=\"search\" value=\"Suchen\" class=\"btn vri-search-btn\"\/><\/div>\n<\/div>\n<\/form><\/div><div class=\"vri-search-closingtext\">Inhalt<\/div>\t<script type=\"text\/javascript\">\n\tfunction vriCleanNumber(snum) {\n\t\tif (snum.length > 1 && snum.substr(0, 1) == '0') {\n\t\t\treturn parseInt(snum.substr(1));\n\t\t}\n\t\treturn parseInt(snum);\n\t}\n\tfunction vriValidateSearch() {\n\t\tif (typeof jQuery === 'undefined' || typeof vri_wopening_pick === 'undefined') {\n\t\t\treturn true;\n\t\t}\n\t\tif (vri_mopening_pick !== null) {\n\t\t\t\/\/ pickup time\n\t\t\tvar pickh = jQuery('#vricomselph').find('select').val();\n\t\t\tvar pickm = jQuery('#vricomselpm').find('select').val();\n\t\t\tif (!pickh || !pickh.length || !pickm) {\n\t\t\t\treturn true;\n\t\t\t}\n\t\t\tpickh = vriCleanNumber(pickh);\n\t\t\tpickm = vriCleanNumber(pickm);\n\t\t\tif (pickh == vri_mopening_pick[0]) {\n\t\t\t\tif (pickm < vri_mopening_pick[1]) {\n\t\t\t\t\t\/\/ location is still closed at this time\n\t\t\t\t\tjQuery('#vricomselpm').find('select').html('<option value=\"'+vri_mopening_pick[1]+'\">'+(vri_mopening_pick[1] < 10 ? '0'+vri_mopening_pick[1] : vri_mopening_pick[1])+'<\/option>').val(vri_mopening_pick[1]);\n\t\t\t\t}\n\t\t\t}\n\t\t\tif (pickh == vri_mopening_pick[2]) {\n\t\t\t\tif (pickm > vri_mopening_pick[3]) {\n\t\t\t\t\t\/\/ location is already closed at this time for a pick up\n\t\t\t\t\tjQuery('#vricomselpm').find('select').html('<option value=\"'+vri_mopening_pick[3]+'\">'+(vri_mopening_pick[3] < 10 ? '0'+vri_mopening_pick[3] : vri_mopening_pick[3])+'<\/option>').val(vri_mopening_pick[3]);\n\t\t\t\t}\n\t\t\t}\n\t\t}\n\n\t\tif (vri_mopening_drop !== null) {\n\t\t\t\/\/ dropoff time\n\t\t\tvar droph = jQuery('#vricomseldh').find('select').val();\n\t\t\tvar dropm = jQuery('#vricomseldm').find('select').val();\n\t\t\tif (!droph || !droph.length || !dropm) {\n\t\t\t\treturn true;\n\t\t\t}\n\t\t\tdroph = vriCleanNumber(droph);\n\t\t\tdropm = vriCleanNumber(dropm);\n\t\t\tif (droph == vri_mopening_drop[0]) {\n\t\t\t\tif (dropm > vri_mopening_drop[1]) {\n\t\t\t\t\t\/\/ location is already closed at this time\n\t\t\t\t\tjQuery('#vricomseldm').find('select').html('<option value=\"'+vri_mopening_drop[1]+'\">'+(vri_mopening_drop[1] < 10 ? '0'+vri_mopening_drop[1] : vri_mopening_drop[1])+'<\/option>').val(vri_mopening_drop[1]);\n\t\t\t\t}\n\t\t\t}\n\t\t\tif (droph == vri_mopening_drop[2]) {\n\t\t\t\tif (dropm < vri_mopening_drop[3]) {\n\t\t\t\t\t\/\/ location is still closed at this time for a drop off\n\t\t\t\t\tjQuery('#vricomseldm').find('select').html('<option value=\"'+vri_mopening_drop[3]+'\">'+(vri_mopening_drop[3] < 10 ? '0'+vri_mopening_drop[3] : vri_mopening_drop[3])+'<\/option>').val(vri_mopening_drop[3]);\n\t\t\t\t}\n\t\t\t}\n\t\t}\n\n\t\treturn true;\n\t}\n\t<\/script>\n\t\n<\/div>\n<\/div>\n\t\t\t\t\t\t<\/div>\n\t\t\t\t<\/div>\n\t\t\t\t\t<\/div>\n\t\t<\/div>\n\t\t\t\t\t<\/div>\n\t\t<\/section>\n\t\t\t\t<section class=\"elementor-section elementor-top-section elementor-element elementor-element-51608d5 elementor-section-boxed elementor-section-height-default elementor-section-height-default\" data-id=\"51608d5\" data-element_type=\"section\" data-e-type=\"section\">\n\t\t\t\t\t\t<div class=\"elementor-container elementor-column-gap-default\">\n\t\t\t\t\t<div class=\"elementor-column elementor-col-50 elementor-top-column elementor-element elementor-element-25f0bd8\" data-id=\"25f0bd8\" data-element_type=\"column\" data-e-type=\"column\">\n\t\t\t<div class=\"elementor-widget-wrap elementor-element-populated\">\n\t\t\t\t\t\t<div class=\"elementor-element elementor-element-7b065dc elementor-widget elementor-widget-heading\" data-id=\"7b065dc\" data-element_type=\"widget\" data-e-type=\"widget\" data-widget_type=\"heading.default\">\n\t\t\t\t<div class=\"elementor-widget-container\">\n\t\t\t\t\t<h2 class=\"elementor-heading-title elementor-size-default\"> Holen Sie Ihre Ausr\u00fcstung in der N\u00e4he des Flughafens Faro ab<\/h2>\t\t\t\t<\/div>\n\t\t\t\t<\/div>\n\t\t\t\t<div class=\"elementor-element elementor-element-9326fc7 elementor-widget elementor-widget-text-editor\" data-id=\"9326fc7\" data-element_type=\"widget\" data-e-type=\"widget\" data-widget_type=\"text-editor.default\">\n\t\t\t\t<div class=\"elementor-widget-container\">\n\t\t\t\t\t\t\t\t\t<div id=\"resulttxt\" class=\"mt-translation-content\">Nachdem Sie Ihre Bestellung aufgegeben haben, werden wir Ihre Bestellung best\u00e4tigen. Dann holen Sie Ihre Ausr\u00fcstung in der N\u00e4he des Flughafens Faro in unserem Shop ab und bezahlen Sie per Kreditkarte oder bar.<\/div>\t\t\t\t\t\t\t\t<\/div>\n\t\t\t\t<\/div>\n\t\t\t\t\t<\/div>\n\t\t<\/div>\n\t\t\t\t<div class=\"elementor-column elementor-col-50 elementor-top-column elementor-element elementor-element-fffd951\" data-id=\"fffd951\" data-element_type=\"column\" data-e-type=\"column\">\n\t\t\t<div class=\"elementor-widget-wrap elementor-element-populated\">\n\t\t\t\t\t\t<div class=\"elementor-element elementor-element-3499f6b elementor-widget elementor-widget-google_maps\" data-id=\"3499f6b\" data-element_type=\"widget\" data-e-type=\"widget\" data-widget_type=\"google_maps.default\">\n\t\t\t\t<div class=\"elementor-widget-container\">\n\t\t\t\t\t\t\t<div class=\"elementor-custom-embed\">\n\t\t\t<iframe loading=\"lazy\"\n\t\t\t\t\tsrc=\"https:\/\/maps.google.com\/maps?q=Faro%20Surf%20Rentals%20-%20Stand-up%20Paddleboards%2C%20Camping%20Tents%20%26%20Surfboards&#038;t=m&#038;z=14&#038;output=embed&#038;iwloc=near\"\n\t\t\t\t\ttitle=\"Faro Surf Rentals - Stand-up Paddleboards, Camping Tents &amp; Surfboards\"\n\t\t\t\t\taria-label=\"Faro Surf Rentals - Stand-up Paddleboards, Camping Tents &amp; Surfboards\"\n\t\t\t><\/iframe>\n\t\t<\/div>\n\t\t\t\t\t\t<\/div>\n\t\t\t\t<\/div>\n\t\t\t\t\t<\/div>\n\t\t<\/div>\n\t\t\t\t\t<\/div>\n\t\t<\/section>\n\t\t\t\t<\/div>\n\t\t","protected":false},"excerpt":{"rendered":"<p>Holen Sie Ihre Ausr\u00fcstung in der N\u00e4he des Flughafens Faro ab Nachdem Sie Ihre Bestellung aufgegeben haben, werden wir Ihre Bestellung best\u00e4tigen. Dann holen Sie Ihre Ausr\u00fcstung in der N\u00e4he des Flughafens Faro in unserem Shop ab und bezahlen Sie per Kreditkarte oder bar.<\/p>\n","protected":false},"author":3,"featured_media":14242,"parent":0,"menu_order":0,"comment_status":"closed","ping_status":"closed","template":"elementor_theme","meta":{"footnotes":""},"class_list":["post-14381","page","type-page","status-publish","has-post-thumbnail","hentry"],"aioseo_notices":[],"_links":{"self":[{"href":"https:\/\/farosurfrentals.com\/de\/wp-json\/wp\/v2\/pages\/14381","targetHints":{"allow":["GET"]}}],"collection":[{"href":"https:\/\/farosurfrentals.com\/de\/wp-json\/wp\/v2\/pages"}],"about":[{"href":"https:\/\/farosurfrentals.com\/de\/wp-json\/wp\/v2\/types\/page"}],"author":[{"embeddable":true,"href":"https:\/\/farosurfrentals.com\/de\/wp-json\/wp\/v2\/users\/3"}],"replies":[{"embeddable":true,"href":"https:\/\/farosurfrentals.com\/de\/wp-json\/wp\/v2\/comments?post=14381"}],"version-history":[{"count":3,"href":"https:\/\/farosurfrentals.com\/de\/wp-json\/wp\/v2\/pages\/14381\/revisions"}],"predecessor-version":[{"id":14384,"href":"https:\/\/farosurfrentals.com\/de\/wp-json\/wp\/v2\/pages\/14381\/revisions\/14384"}],"wp:featuredmedia":[{"embeddable":true,"href":"https:\/\/farosurfrentals.com\/de\/wp-json\/wp\/v2\/media\/14242"}],"wp:attachment":[{"href":"https:\/\/farosurfrentals.com\/de\/wp-json\/wp\/v2\/media?parent=14381"}],"curies":[{"name":"wp","href":"https:\/\/api.w.org\/{rel}","templated":true}]}}